{"id":2830,"date":"2017-09-29T10:18:46","date_gmt":"2017-09-29T10:18:46","guid":{"rendered":"http:\/\/7oroof.com\/tfdemos\/westy-finance\/?page_id=2830"},"modified":"2019-05-08T11:20:13","modified_gmt":"2019-05-08T11:20:13","slug":"services","status":"publish","type":"page","link":"https:\/\/yf-consultants.com\/pt\/services\/","title":{"rendered":"Os nossos servi\u00e7os"},"content":{"rendered":"<div class=\"vc_row wpb_row vc_row-fluid\"><div class=\"wpb_column vc_column_container vc_col-sm-12\"><div class=\"vc_column-inner vc_custom_1502035480031\"><div class=\"wpb_wrapper\"><div class=\"vc_empty_space\"   style=\"height: 106px\"><span class=\"vc_empty_space_inner\"><\/span><\/div><div class=\"vc_row wpb_row vc_inner vc_row-fluid\"><div class=\"wpb_column vc_column_container vc_col-sm-1\"><div class=\"vc_column-inner\"><div class=\"wpb_wrapper\"><\/div><\/div><\/div><div class=\"wpb_column vc_column_container vc_col-sm-10\"><div class=\"vc_column-inner\"><div class=\"wpb_wrapper\"><div id=\"cms-heading\" class=\"cms-heading-wrapper  title-line-layout1 subtitle-no-box show-title-line cms-heading-layout1 m-width\">\n    \n        <div class=\"cms-heading-inner clearfix\">\n                                <div class=\"cms-heading-content text-center\">\n                                            <div class=\"cms-heading-subtitle text-capitalize\" style=\"font-size:;color:#a5a5a5;\">Let us help you<\/div>\n                                        <div class=\"cms-heading-title-wrap\">\n                        <h3 class=\"cms-heading-title text-capitalize\" style=\"; max-width: ;font-size:;color:;line-height:;margin:;letter-spacing:;font-weight:;\">\n                            Os nossos servi\u00e7os                                                    <\/h3>\n                    <\/div>\n                                                                    <div class=\"cms-heading-line size-small\">\n                            <div class=\"line1\" style=\"border-color:;\"><\/div>\n                            <div class=\"line2\" style=\"border-color:;\"><\/div>\n                        <\/div>\n                                                                <div class=\"cms-heading-description font-weight-normal\" style=\"font-style: ;font-size:;line-height:;margin:;color:;\">Entendemos a import\u00e2ncia de abordar cada trabalho de forma integral e acreditamos no poder da comunica\u00e7\u00e3o simples e f\u00e1cil.<\/div>\n                                                                            <\/div>\n                <\/div>\n<\/div><\/div><\/div><\/div><div class=\"wpb_column vc_column_container vc_col-sm-1\"><div class=\"vc_column-inner\"><div class=\"wpb_wrapper\"><\/div><\/div><\/div><\/div><div class=\"vc_empty_space\"   style=\"height: 74px\"><span class=\"vc_empty_space_inner\"><\/span><\/div><div class=\"vc_row wpb_row vc_inner vc_row-fluid vc_row-o-equal-height vc_row-flex\"><div class=\"wpb_column vc_column_container vc_col-sm-6 vc_col-lg-3 vc_col-md-3\"><div class=\"vc_column-inner\"><div class=\"wpb_wrapper\"><div class=\"cms-fancyboxes-wraper cms-fancyboxes-layout1  text-left   template-cms_fancybox_single--layout1 content-align-default\" id=\"cms-fancy-box-single\">\n    <div class=\"cms-fancybox-item\">\n                    <div class=\"cms-fancybox-icon icon-style1\">\n                                    <i class=\"sgicon sgicon-Calculator\" style=\"color:;font-size:;\"><\/i>\n                            <\/div>\n                <div class=\"cms-fancybox-content\">\n\n                            <h3 class=\"cms-fancybox-title\" style=\"color:;font-size:;line-height:;margin:;font-weight:600;\">\n                    <span>Auditoria de Integridade<\/span>\n                <\/h3>\n            \n                            <div class=\"cms-fancybox-desc\" style=\"color:;\">\n                                            <span class=\"cms-fancybox-gap\" style=\"background-color:;\"><\/span>\n                                        <p>O Integrity Spotting \u00e9 um servi\u00e7o eficaz e comprovado, que pode ser utilizado numa vasta gama de ind\u00fastrias, incluindo retalho, alimenta\u00e7\u00e3o e bebidas, bem como na hotelaria.<\/p>\n                <\/div>\n            \n                            <a style=\"color:;\" class=\"cms-fancybox-more\" href=\"http:\/\/yf-consultants.com\/pt\/services\/integrity-audit\/\" target=\"_self\">\n                    <i style=\"color:;\" class=\"fa fa-long-arrow-right\"><\/i>\n                    <span style=\"color:;\">Ver mais<\/span>\n                <\/a>\n                        \n            \n        <\/div>\n    <\/div>\n<\/div><div class=\"vc_empty_space\"   style=\"height: 40px\"><span class=\"vc_empty_space_inner\"><\/span><\/div><\/div><\/div><\/div><div class=\"wpb_column vc_column_container vc_col-sm-6 vc_col-lg-3 vc_col-md-3\"><div class=\"vc_column-inner\"><div class=\"wpb_wrapper\"><div class=\"cms-fancyboxes-wraper cms-fancyboxes-layout1  text-left   template-cms_fancybox_single--layout1 content-align-default\" id=\"cms-fancy-box-single-2\">\n    <div class=\"cms-fancybox-item\">\n                    <div class=\"cms-fancybox-icon icon-style1\">\n                                    <i class=\"sgicon sgicon-ChartUp\" style=\"color:;font-size:;\"><\/i>\n                            <\/div>\n                <div class=\"cms-fancybox-content\">\n\n                            <h3 class=\"cms-fancybox-title\" style=\"color:;font-size:;line-height:;margin:;font-weight:600;\">\n                    <span>Auditoria e Controlo de Gest\u00e3o<\/span>\n                <\/h3>\n            \n                            <div class=\"cms-fancybox-desc\" style=\"color:;\">\n                                            <span class=\"cms-fancybox-gap\" style=\"background-color:;\"><\/span>\n                                        <p>A auditoria interna \u00e9 uma atividade de garantia e consultoria independente e objetiva, concebida para acrescentar valor e melhorar as opera\u00e7\u00f5es de uma organiza\u00e7\u00e3o.<\/p>\n                <\/div>\n            \n                            <a style=\"color:;\" class=\"cms-fancybox-more\" href=\"http:\/\/yf-consultants.com\/pt\/services\/audit-assurance\/\" target=\"_self\">\n                    <i style=\"color:;\" class=\"fa fa-long-arrow-right\"><\/i>\n                    <span style=\"color:;\">Ver mais<\/span>\n                <\/a>\n                        \n            \n        <\/div>\n    <\/div>\n<\/div><div class=\"vc_empty_space\"   style=\"height: 40px\"><span class=\"vc_empty_space_inner\"><\/span><\/div><\/div><\/div><\/div><div class=\"wpb_column vc_column_container vc_col-sm-6 vc_col-lg-3 vc_col-md-3\"><div class=\"vc_column-inner\"><div class=\"wpb_wrapper\"><div class=\"cms-fancyboxes-wraper cms-fancyboxes-layout1  text-left   template-cms_fancybox_single--layout1 content-align-default\" id=\"cms-fancy-box-single-3\">\n    <div class=\"cms-fancybox-item\">\n                    <div class=\"cms-fancybox-icon icon-style1\">\n                                    <i class=\"sgicon sgicon-Podium\" style=\"color:;font-size:;\"><\/i>\n                            <\/div>\n                <div class=\"cms-fancybox-content\">\n\n                            <h3 class=\"cms-fancybox-title\" style=\"color:;font-size:;line-height:;margin:;font-weight:600;\">\n                    <span>Gest\u00e3o de activos hoteleiros<\/span>\n                <\/h3>\n            \n                            <div class=\"cms-fancybox-desc\" style=\"color:;\">\n                                            <span class=\"cms-fancybox-gap\" style=\"background-color:;\"><\/span>\n                                        <p>Acreditamos firmemente no poder de um hotel independente com um produto \u00fanico e uma experi\u00eancia fant\u00e1stica para o h\u00f3spede, em vez da via convencional da marca de uma cadeia de franchising de hot\u00e9is.<\/p>\n                <\/div>\n            \n                            <a style=\"color:;\" class=\"cms-fancybox-more\" href=\"http:\/\/yf-consultants.com\/pt\/services\/hotel-asset-management\/\" target=\"_self\">\n                    <i style=\"color:;\" class=\"fa fa-long-arrow-right\"><\/i>\n                    <span style=\"color:;\">Ver mais<\/span>\n                <\/a>\n                        \n            \n        <\/div>\n    <\/div>\n<\/div><div class=\"vc_empty_space\"   style=\"height: 40px\"><span class=\"vc_empty_space_inner\"><\/span><\/div><\/div><\/div><\/div><div class=\"wpb_column vc_column_container vc_col-sm-6 vc_col-lg-3 vc_col-md-3\"><div class=\"vc_column-inner\"><div class=\"wpb_wrapper\"><div class=\"cms-fancyboxes-wraper cms-fancyboxes-layout1  text-left   template-cms_fancybox_single--layout1 content-align-default\" id=\"cms-fancy-box-single-4\">\n    <div class=\"cms-fancybox-item\">\n                    <div class=\"cms-fancybox-icon icon-style1\">\n                                    <i class=\"sgicon sgicon-Shield\" style=\"color:;font-size:;\"><\/i>\n                            <\/div>\n                <div class=\"cms-fancybox-content\">\n\n                            <h3 class=\"cms-fancybox-title\" style=\"color:;font-size:;line-height:;margin:;font-weight:600;\">\n                    <span>Servi\u00e7o de Pr\u00e9-Abertura<\/span>\n                <\/h3>\n            \n                            <div class=\"cms-fancybox-desc\" style=\"color:;\">\n                                            <span class=\"cms-fancybox-gap\" style=\"background-color:;\"><\/span>\n                                        <p>Ao concentrarmo-nos nos pontos de venda exclusivos da sua propriedade, os nossos especialistas em gest\u00e3o hoteleira desenvolver\u00e3o um plano estrat\u00e9gico de abertura de hotel personalizado e criativo.<\/p>\n                <\/div>\n            \n                            <a style=\"color:;\" class=\"cms-fancybox-more\" href=\"http:\/\/yf-consultants.com\/pt\/services\/pre-opening\/\" target=\"_self\">\n                    <i style=\"color:;\" class=\"fa fa-long-arrow-right\"><\/i>\n                    <span style=\"color:;\">Ver mais<\/span>\n                <\/a>\n                        \n            \n        <\/div>\n    <\/div>\n<\/div><div class=\"vc_empty_space\"   style=\"height: 40px\"><span class=\"vc_empty_space_inner\"><\/span><\/div><\/div><\/div><\/div><\/div><div class=\"vc_empty_space\"   style=\"height: 60px\"><span class=\"vc_empty_space_inner\"><\/span><\/div><\/div><\/div><\/div><\/div>","protected":false},"excerpt":{"rendered":"Let us help you Our Services We understand the importance of approaching each work integrally and believe in the power of simple and easy communication. Integrity Audit Integrity Spotting is an effective and proven service, which can be used in a wide range of industries, including retail, food &amp; beverage, hospitality. More Audit &amp; Assurance [...]","protected":false},"author":1,"featured_media":0,"parent":0,"menu_order":0,"comment_status":"closed","ping_status":"closed","template":"","meta":{"footnotes":""},"class_list":["post-2830","page","type-page","status-publish","hentry"],"_links":{"self":[{"href":"https:\/\/yf-consultants.com\/pt\/wp-json\/wp\/v2\/pages\/2830","targetHints":{"allow":["GET"]}}],"collection":[{"href":"https:\/\/yf-consultants.com\/pt\/wp-json\/wp\/v2\/pages"}],"about":[{"href":"https:\/\/yf-consultants.com\/pt\/wp-json\/wp\/v2\/types\/page"}],"author":[{"embeddable":true,"href":"https:\/\/yf-consultants.com\/pt\/wp-json\/wp\/v2\/users\/1"}],"replies":[{"embeddable":true,"href":"https:\/\/yf-consultants.com\/pt\/wp-json\/wp\/v2\/comments?post=2830"}],"version-history":[{"count":4,"href":"https:\/\/yf-consultants.com\/pt\/wp-json\/wp\/v2\/pages\/2830\/revisions"}],"predecessor-version":[{"id":3052,"href":"https:\/\/yf-consultants.com\/pt\/wp-json\/wp\/v2\/pages\/2830\/revisions\/3052"}],"wp:attachment":[{"href":"https:\/\/yf-consultants.com\/pt\/wp-json\/wp\/v2\/media?parent=2830"}],"curies":[{"name":"wp","href":"https:\/\/api.w.org\/{rel}","templated":true}]}}