{"id":2832,"date":"2017-09-29T10:18:55","date_gmt":"2017-09-29T10:18:55","guid":{"rendered":"http:\/\/7oroof.com\/tfdemos\/westy-finance\/?page_id=2832"},"modified":"2019-05-11T15:00:41","modified_gmt":"2019-05-11T15:00:41","slug":"about-us","status":"publish","type":"page","link":"https:\/\/yf-consultants.com\/pt\/about-us\/","title":{"rendered":"Acerca de n\u00f3s"},"content":{"rendered":"<div class=\"vc_row wpb_row vc_row-fluid\"><div class=\"wpb_column vc_column_container vc_col-sm-12\"><div class=\"vc_column-inner vc_custom_1502035480031\"><div class=\"wpb_wrapper\"><div class=\"vc_empty_space\"   style=\"height: 106px\"><span class=\"vc_empty_space_inner\"><\/span><\/div><div class=\"vc_row wpb_row vc_inner vc_row-fluid\"><div class=\"wpb_column vc_column_container vc_col-sm-2\"><div class=\"vc_column-inner\"><div class=\"wpb_wrapper\"><\/div><\/div><\/div><div class=\"wpb_column vc_column_container vc_col-sm-8 rm-padding-sm rm-padding-xs\"><div class=\"vc_column-inner vc_custom_1502036337265\"><div class=\"wpb_wrapper\"><div id=\"cms-heading\" class=\"cms-heading-wrapper  title-line-layout1 subtitle-no-box show-title-line cms-heading-layout1\">\n    \n        <div class=\"cms-heading-inner clearfix\">\n                                <div class=\"cms-heading-content text-center\">\n                                            <div class=\"cms-heading-subtitle text-capitalize\" style=\"font-size:;color:#a5a5a5;\">Consultor de neg\u00f3cios!<\/div>\n                                        <div class=\"cms-heading-title-wrap\">\n                        <h3 class=\"cms-heading-title text-capitalize\" style=\"; max-width: ;font-size:;color:;line-height:;margin:;letter-spacing:;font-weight:;\">\n                            Prestamos Consultoria Financeira                                                    <\/h3>\n                    <\/div>\n                                                                    <div class=\"cms-heading-line size-small\">\n                            <div class=\"line1\" style=\"border-color:;\"><\/div>\n                            <div class=\"line2\" style=\"border-color:;\"><\/div>\n                        <\/div>\n                                                                <div class=\"cms-heading-description font-weight-normal\" style=\"font-style: ;font-size:;line-height:;margin:;color:;\">Entendemos a import\u00e2ncia de abordar cada trabalho de forma integral e acreditamos no poder da comunica\u00e7\u00e3o simples e f\u00e1cil.<\/div>\n                                                                            <\/div>\n                <\/div>\n<\/div><\/div><\/div><\/div><div class=\"wpb_column vc_column_container vc_col-sm-2\"><div class=\"vc_column-inner\"><div class=\"wpb_wrapper\"><\/div><\/div><\/div><\/div><div class=\"vc_empty_space\"   style=\"height: 56px\"><span class=\"vc_empty_space_inner\"><\/span><\/div><div class=\"vc_row wpb_row vc_inner vc_row-fluid\"><div class=\"wpb_column vc_column_container vc_col-sm-6 vc_col-lg-6 vc_col-md-6\"><div class=\"vc_column-inner vc_custom_1557313960749\"><div class=\"wpb_wrapper\"><div class=\"cms-fancyboxes-wraper cms-fancyboxes-layout2 text-left  template-cms_fancybox_single--layout2 content-align-default\" id=\"cms-fancy-box-single\">\n    <div class=\"cms-fancybox-item icon-position-left\">\n\n                                    <div class=\"cms-fancybox-icon\" style=\"margin: \">\n                                            <i class=\"sgicon sgicon-Printer\" style=\"font-size:;color:#cccccc;\"><\/i>\n                                    <\/div>\n                            <div class=\"cms-fancybox-content\">\n                            <span class=\"cms-fancybox-subtitle\" style=\"color:\">Consultor financeiro<\/span>\n                        \n                            <h3 class=\"cms-fancybox-title font-family-default\" style=\"color:;font-size:;line-height:;margin:;font-weight:600;\">\n                    <span>Consulta<\/span>\n                <\/h3>\n            \n                            <div class=\"cms-fancybox-desc\" style=\"color:;\">\n                                        <p>Afinal, tal como descrito nas Tend\u00eancias de Web Design 2015 e 2016, a vis\u00e3o domina grande parte da nossa interpreta\u00e7\u00e3o subconsciente do mundo \u00e0 volta das imagens, criando uma melhor experi\u00eancia para o utilizador.<\/p>\n                <\/div>\n            \n                        \n            \n        <\/div>\n    <\/div>\n<\/div><div class=\"vc_empty_space\"   style=\"height: 30px\"><span class=\"vc_empty_space_inner\"><\/span><\/div><\/div><\/div><\/div><div class=\"wpb_column vc_column_container vc_col-sm-6 vc_col-lg-6 vc_col-md-6\"><div class=\"vc_column-inner vc_custom_1557313947886\"><div class=\"wpb_wrapper\"><div class=\"cms-fancyboxes-wraper cms-fancyboxes-layout2 text-left  template-cms_fancybox_single--layout2 content-align-default\" id=\"cms-fancy-box-single-2\">\n    <div class=\"cms-fancybox-item icon-position-left\">\n\n                                    <div class=\"cms-fancybox-icon\" style=\"margin: \">\n                                            <i class=\"sgicon sgicon-Starship\" style=\"font-size:;color:#cccccc;\"><\/i>\n                                    <\/div>\n                            <div class=\"cms-fancybox-content\">\n                            <span class=\"cms-fancybox-subtitle\" style=\"color:\">Consultor de neg\u00f3cios<\/span>\n                        \n                            <h3 class=\"cms-fancybox-title font-family-default\" style=\"color:;font-size:;line-height:;margin:;font-weight:600;\">\n                    <span>Boas solu\u00e7\u00f5es<\/span>\n                <\/h3>\n            \n                            <div class=\"cms-fancybox-desc\" style=\"color:;\">\n                                        <p>Reunir uma s\u00e9rie de designs espec\u00edficos e falar sobre os m\u00e9ritos de cada um deles \u00e9 a forma perfeita de encontrar um ponto em comum. A recolha de uma vasta gama de amostras \u00e9 uma excelente forma de iniciar o seu projeto.<\/p>\n                <\/div>\n            \n                        \n            \n        <\/div>\n    <\/div>\n<\/div><div class=\"vc_empty_space\"   style=\"height: 30px\"><span class=\"vc_empty_space_inner\"><\/span><\/div><\/div><\/div><\/div><\/div><div class=\"vc_empty_space\"   style=\"height: 59px\"><span class=\"vc_empty_space_inner\"><\/span><\/div><\/div><\/div><\/div><\/div><div data-vc-full-width=\"true\" data-vc-full-width-init=\"false\" data-vc-stretch-content=\"true\" class=\"vc_row wpb_row vc_row-fluid vc_custom_1504690775674 vc_row-has-fill vc_row-no-padding vc_row-o-equal-height vc_row-flex\"><div class=\"rw30 wpb_column vc_column_container vc_col-sm-7 vc_col-lg-6 vc_col-md-6 rm-padding-md\"><div class=\"vc_column-inner vc_custom_1504515572492\"><div class=\"wpb_wrapper\"><div id=\"cms-space-69d9a4de2a7d1\">\n\t<style type=\"text\/css\" scoped>\n\t\t@media screen and (min-width: 1200px) {\n\t\t\t#cms-space-69d9a4de2a7d1 .cms-space {\n\t\t\t\theight: 110px;\n\t\t\t}\n\t\t}\n\t\t@media (min-width: 992px) and (max-width: 1200px) {\n\t\t\t#cms-space-69d9a4de2a7d1 .cms-space {\n\t\t\t\theight: 60px;\n\t\t\t}\n\t\t}\n\t\t@media (min-width: 768px) and (max-width: 991px) {\n\t\t\t#cms-space-69d9a4de2a7d1 .cms-space {\n\t\t\t\theight: 60px;\n\t\t\t}\n\t\t}\n\t\t@media screen and (max-width: 767px) {\n\t\t\t#cms-space-69d9a4de2a7d1 .cms-space {\n\t\t\t\theight: 60px;\n\t\t\t}\n\t\t}\n\t<\/style>\n\t<div class=\"cms-space\"><\/div>\n<\/div><div id=\"cms-heading-2\" class=\"cms-heading-wrapper  title-line-layout1 subtitle-no-box show-title-line cms-heading-layout3\">\n    \n        <div class=\"cms-heading-inner clearfix\">\n                                <div class=\"cms-heading-content text-left\">\n                                        <h3 class=\"cms-heading-title text-none\" style=\"font-size:;color:;line-height:;font-weight:;\">\n                        VIS\u00c3O                    <\/h3>\n                                            <div class=\"cms-heading-description font-weight-normal\" style=\"font-style: ;color:;\">Somos uma empresa de consultoria em gest\u00e3o hoteleira, pioneira no fornecimento de solu\u00e7\u00f5es de gest\u00e3o hoteleira.<br \/>\nCom as nossas estrat\u00e9gias inovadoras e as melhores pr\u00e1ticas, aproveitamos a nossa experi\u00eancia abrangente em hotelaria para fornecer<br \/>\nsolu\u00e7\u00f5es e servi\u00e7os personalizados, introduzindo assim oportunidades lucrativas.<\/div>\n                                        <div class=\"cms-heading-line size-small\">\n                        <div class=\"line1\" style=\"border-color:;\"><\/div>\n                        <div class=\"line2\" style=\"border-color:;\"><\/div>\n                    <\/div>\n                <\/div>\n                <\/div>\n<\/div><div id=\"cms-space-69d9a4de2ac90\">\n\t<style type=\"text\/css\" scoped>\n\t\t@media screen and (min-width: 1200px) {\n\t\t\t#cms-space-69d9a4de2ac90 .cms-space {\n\t\t\t\theight: 69px;\n\t\t\t}\n\t\t}\n\t\t@media (min-width: 992px) and (max-width: 1200px) {\n\t\t\t#cms-space-69d9a4de2ac90 .cms-space {\n\t\t\t\theight: 60px;\n\t\t\t}\n\t\t}\n\t\t@media (min-width: 768px) and (max-width: 991px) {\n\t\t\t#cms-space-69d9a4de2ac90 .cms-space {\n\t\t\t\theight: 60px;\n\t\t\t}\n\t\t}\n\t\t@media screen and (max-width: 767px) {\n\t\t\t#cms-space-69d9a4de2ac90 .cms-space {\n\t\t\t\theight: 60px;\n\t\t\t}\n\t\t}\n\t<\/style>\n\t<div class=\"cms-space\"><\/div>\n<\/div><\/div><\/div><\/div><div class=\"wpb_column vc_column_container vc_col-sm-5 vc_col-lg-6 vc_col-md-6 vc_col-has-fill\"><div class=\"vc_column-inner vc_custom_1506755878319\"><div class=\"wpb_wrapper\"><div class=\"vc_empty_space\"   style=\"height: 410px\"><span class=\"vc_empty_space_inner\"><\/span><\/div><\/div><\/div><\/div><\/div><div class=\"vc_row-full-width vc_clearfix\"><\/div><div data-vc-full-width=\"true\" data-vc-full-width-init=\"false\" data-vc-stretch-content=\"true\" class=\"vc_row wpb_row vc_row-fluid vc_custom_1557314027135 vc_row-has-fill vc_row-no-padding vc_row-o-equal-height vc_row-flex\"><div class=\"wpb_column vc_column_container vc_col-sm-5 vc_col-lg-6 vc_col-md-6 vc_col-has-fill\"><div class=\"vc_column-inner vc_custom_1506755892641\"><div class=\"wpb_wrapper\"><div class=\"vc_empty_space\"   style=\"height: 410px\"><span class=\"vc_empty_space_inner\"><\/span><\/div><\/div><\/div><\/div><div class=\"rw30 wpb_column vc_column_container vc_col-sm-7 vc_col-lg-6 vc_col-md-6 rm-padding-md\"><div class=\"vc_column-inner vc_custom_1504515572492\"><div class=\"wpb_wrapper\"><div id=\"cms-space-69d9a4de2b45f\">\n\t<style type=\"text\/css\" scoped>\n\t\t@media screen and (min-width: 1200px) {\n\t\t\t#cms-space-69d9a4de2b45f .cms-space {\n\t\t\t\theight: 130px;\n\t\t\t}\n\t\t}\n\t\t@media (min-width: 992px) and (max-width: 1200px) {\n\t\t\t#cms-space-69d9a4de2b45f .cms-space {\n\t\t\t\theight: 60px;\n\t\t\t}\n\t\t}\n\t\t@media (min-width: 768px) and (max-width: 991px) {\n\t\t\t#cms-space-69d9a4de2b45f .cms-space {\n\t\t\t\theight: 60px;\n\t\t\t}\n\t\t}\n\t\t@media screen and (max-width: 767px) {\n\t\t\t#cms-space-69d9a4de2b45f .cms-space {\n\t\t\t\theight: 60px;\n\t\t\t}\n\t\t}\n\t<\/style>\n\t<div class=\"cms-space\"><\/div>\n<\/div><div id=\"cms-heading-3\" class=\"cms-heading-wrapper  title-line-layout1 subtitle-no-box show-title-line cms-heading-layout3\">\n    \n        <div class=\"cms-heading-inner clearfix\">\n                                <div class=\"cms-heading-content text-left\">\n                                        <h3 class=\"cms-heading-title text-none\" style=\"font-size:;color:;line-height:;font-weight:;\">\n                        Miss\u00e3o                    <\/h3>\n                                            <div class=\"cms-heading-description font-weight-normal\" style=\"font-style: ;color:;\">A nossa miss\u00e3o \u00e9 alcan\u00e7ar resultados superiores atrav\u00e9s da nossa abordagem \u00fanica \u00e0 gest\u00e3o hoteleira. Comprometemo-nos a fornecer servi\u00e7os de consultoria pr\u00e1ticos e orientados para o lucro, bem como a apoiar a implementa\u00e7\u00e3o das suas recomenda\u00e7\u00f5es.<br \/>\nEstamos vinculados aos mais elevados padr\u00f5es \u00e9ticos, profissionais e de confidencialidade.<\/div>\n                                        <div class=\"cms-heading-line size-small\">\n                        <div class=\"line1\" style=\"border-color:;\"><\/div>\n                        <div class=\"line2\" style=\"border-color:;\"><\/div>\n                    <\/div>\n                <\/div>\n                <\/div>\n<\/div><div class=\"vc_empty_space\"   style=\"height: 32px\"><span class=\"vc_empty_space_inner\"><\/span><\/div><div id=\"cms-space-69d9a4de2b995\">\n\t<style type=\"text\/css\" scoped>\n\t\t@media screen and (min-width: 1200px) {\n\t\t\t#cms-space-69d9a4de2b995 .cms-space {\n\t\t\t\theight: 69px;\n\t\t\t}\n\t\t}\n\t\t@media (min-width: 992px) and (max-width: 1200px) {\n\t\t\t#cms-space-69d9a4de2b995 .cms-space {\n\t\t\t\theight: 60px;\n\t\t\t}\n\t\t}\n\t\t@media (min-width: 768px) and (max-width: 991px) {\n\t\t\t#cms-space-69d9a4de2b995 .cms-space {\n\t\t\t\theight: 60px;\n\t\t\t}\n\t\t}\n\t\t@media screen and (max-width: 767px) {\n\t\t\t#cms-space-69d9a4de2b995 .cms-space {\n\t\t\t\theight: 60px;\n\t\t\t}\n\t\t}\n\t<\/style>\n\t<div class=\"cms-space\"><\/div>\n<\/div><\/div><\/div><\/div><\/div><div class=\"vc_row-full-width vc_clearfix\"><\/div>","protected":false},"excerpt":{"rendered":"Business advice! We Provide Financial Consultancy We understand the importance of approaching each work integrally and believe in the power of simple and easy communication. Financial Advisor Consultation After all, as described in Web Design Trends 2015 &amp; 2016, vision dominates a lot of our subconscious interpretation of the world around images create a better [...]","protected":false},"author":1,"featured_media":0,"parent":0,"menu_order":0,"comment_status":"closed","ping_status":"closed","template":"","meta":{"footnotes":""},"class_list":["post-2832","page","type-page","status-publish","hentry"],"_links":{"self":[{"href":"https:\/\/yf-consultants.com\/pt\/wp-json\/wp\/v2\/pages\/2832","targetHints":{"allow":["GET"]}}],"collection":[{"href":"https:\/\/yf-consultants.com\/pt\/wp-json\/wp\/v2\/pages"}],"about":[{"href":"https:\/\/yf-consultants.com\/pt\/wp-json\/wp\/v2\/types\/page"}],"author":[{"embeddable":true,"href":"https:\/\/yf-consultants.com\/pt\/wp-json\/wp\/v2\/users\/1"}],"replies":[{"embeddable":true,"href":"https:\/\/yf-consultants.com\/pt\/wp-json\/wp\/v2\/comments?post=2832"}],"version-history":[{"count":5,"href":"https:\/\/yf-consultants.com\/pt\/wp-json\/wp\/v2\/pages\/2832\/revisions"}],"predecessor-version":[{"id":3060,"href":"https:\/\/yf-consultants.com\/pt\/wp-json\/wp\/v2\/pages\/2832\/revisions\/3060"}],"wp:attachment":[{"href":"https:\/\/yf-consultants.com\/pt\/wp-json\/wp\/v2\/media?parent=2832"}],"curies":[{"name":"wp","href":"https:\/\/api.w.org\/{rel}","templated":true}]}}