{"id":3007,"date":"2019-01-30T21:24:44","date_gmt":"2019-01-30T21:24:44","guid":{"rendered":"http:\/\/yf-consultants.com\/?page_id=3007"},"modified":"2019-01-30T22:59:46","modified_gmt":"2019-01-30T22:59:46","slug":"hotel-asset-management","status":"publish","type":"page","link":"https:\/\/yf-consultants.com\/pt\/services\/hotel-asset-management\/","title":{"rendered":"Gest\u00e3o de activos hoteleiros"},"content":{"rendered":"<div data-vc-full-width=\"true\" data-vc-full-width-init=\"false\" class=\"vc_row wpb_row vc_row-fluid vc_row-o-equal-height vc_row-flex\"><div class=\"rw30 wpb_column vc_column_container vc_col-sm-7 vc_col-lg-6 vc_col-md-6 rm-padding-md\"><div class=\"vc_column-inner vc_custom_1548888886227\"><div class=\"wpb_wrapper\"><div id=\"cms-space-69e4fac374449\">\n\t<style type=\"text\/css\" scoped>\n\t\t@media screen and (min-width: 1200px) {\n\t\t\t#cms-space-69e4fac374449 .cms-space {\n\t\t\t\theight: 107px;\n\t\t\t}\n\t\t}\n\t\t@media (min-width: 992px) and (max-width: 1200px) {\n\t\t\t#cms-space-69e4fac374449 .cms-space {\n\t\t\t\theight: 60px;\n\t\t\t}\n\t\t}\n\t\t@media (min-width: 768px) and (max-width: 991px) {\n\t\t\t#cms-space-69e4fac374449 .cms-space {\n\t\t\t\theight: 60px;\n\t\t\t}\n\t\t}\n\t\t@media screen and (max-width: 767px) {\n\t\t\t#cms-space-69e4fac374449 .cms-space {\n\t\t\t\theight: 60px;\n\t\t\t}\n\t\t}\n\t<\/style>\n\t<div class=\"cms-space\"><\/div>\n<\/div><div class=\"vc_empty_space\"   style=\"height: 26px\"><span class=\"vc_empty_space_inner\"><\/span><\/div>\n\t<div class=\"wpb_text_column wpb_content_element\" >\n\t\t<div class=\"wpb_wrapper\">\n\t\t\t<p><b>YF Consultants<\/b> \u00e9 uma empresa inovadora na gest\u00e3o de activos hoteleiros. Ao longo dos \u00faltimos anos, a ind\u00fastria hoteleira tem assistido a uma mudan\u00e7a de enfoque no controlo de custos, optimizando apenas o lucro final, para a obten\u00e7\u00e3o de rendimentos de topo atrav\u00e9s da gest\u00e3o de receitas.A equipa da <b>YF Consultants<\/b> \u00e9 l\u00edder global e especialista nesta \u00e1rea. Acreditamos firmemente no poder de um hotel independente com um produto \u00fanico e uma experi\u00eancia fant\u00e1stica para o h\u00f3spede, em vez da via convencional da marca de uma cadeia de franchising de hot\u00e9is. Manter-se a par dos \u00faltimos desenvolvimentos e solu\u00e7\u00f5es inovadoras na distribui\u00e7\u00e3o hoteleira e no marketing de viagens online pode ser um desafio, tendo em conta o panorama estar a mudar t\u00e3o rapidamente. Mas os nossos especialistas em estrat\u00e9gia hoteleira est\u00e3o aqui para dar a volta ao seu hotel e aumentar o seu ROI.<\/p>\n<p><b>A nossa equipa internacional de consultores hoteleiros \u00e9 especializada em:<\/b><\/p>\n<p>Concentrar-se em pontos de venda exclusivos da sua propriedade, os nossos especialistas em gest\u00e3o hoteleira desenvolver\u00e3o um plano de aconselhamento estrat\u00e9gico personalizado e criativo para aumentar o poder de gera\u00e7\u00e3o de receitas do seu hotel ou resort. E com o nosso ADN de desenvolvimento empresarial e abordagem criativa, aumentaremos tanto as receitas de topo como os lucros de base. Iremos aumentar todos os n\u00edveis de desempenho do seu hotel; RevPAR, GOPPar, NOI, NOP, EBITDA, ...<\/p>\n\n\t\t<\/div>\n\t<\/div>\n<div id=\"cms-space-69e4fac37487a\">\n\t<style type=\"text\/css\" scoped>\n\t\t@media screen and (min-width: 1200px) {\n\t\t\t#cms-space-69e4fac37487a .cms-space {\n\t\t\t\theight: 105px;\n\t\t\t}\n\t\t}\n\t\t@media (min-width: 992px) and (max-width: 1200px) {\n\t\t\t#cms-space-69e4fac37487a .cms-space {\n\t\t\t\theight: 60px;\n\t\t\t}\n\t\t}\n\t\t@media (min-width: 768px) and (max-width: 991px) {\n\t\t\t#cms-space-69e4fac37487a .cms-space {\n\t\t\t\theight: 60px;\n\t\t\t}\n\t\t}\n\t\t@media screen and (max-width: 767px) {\n\t\t\t#cms-space-69e4fac37487a .cms-space {\n\t\t\t\theight: 60px;\n\t\t\t}\n\t\t}\n\t<\/style>\n\t<div class=\"cms-space\"><\/div>\n<\/div><\/div><\/div><\/div><div class=\"wpb_column vc_column_container vc_col-sm-5 vc_col-lg-6 vc_col-md-6 vc_col-has-fill\"><div class=\"vc_column-inner vc_custom_1548888264406\"><div class=\"wpb_wrapper\"><div id=\"cms-space-69e4fac374ba5\">\n\t<style type=\"text\/css\" scoped>\n\t\t@media screen and (min-width: 1200px) {\n\t\t\t#cms-space-69e4fac374ba5 .cms-space {\n\t\t\t\theight: 107px;\n\t\t\t}\n\t\t}\n\t\t@media (min-width: 992px) and (max-width: 1200px) {\n\t\t\t#cms-space-69e4fac374ba5 .cms-space {\n\t\t\t\theight: 60px;\n\t\t\t}\n\t\t}\n\t\t@media (min-width: 768px) and (max-width: 991px) {\n\t\t\t#cms-space-69e4fac374ba5 .cms-space {\n\t\t\t\theight: 60px;\n\t\t\t}\n\t\t}\n\t\t@media screen and (max-width: 767px) {\n\t\t\t#cms-space-69e4fac374ba5 .cms-space {\n\t\t\t\theight: 60px;\n\t\t\t}\n\t\t}\n\t<\/style>\n\t<div class=\"cms-space\"><\/div>\n<\/div>\n\t<div  class=\"wpb_single_image wpb_content_element vc_align_left\">\n\t\t\n\t\t<figure class=\"wpb_wrapper vc_figure\">\n\t\t\t<div class=\"vc_single_image-wrapper   vc_box_border_grey\"><img loading=\"lazy\" decoding=\"async\" width=\"1600\" height=\"800\" src=\"https:\/\/yf-consultants.com\/wp-content\/uploads\/2017\/09\/fin-bg-slider1.jpg\" class=\"vc_single_image-img attachment-full\" alt=\"\" srcset=\"https:\/\/yf-consultants.com\/wp-content\/uploads\/2017\/09\/fin-bg-slider1.jpg 1600w, https:\/\/yf-consultants.com\/wp-content\/uploads\/2017\/09\/fin-bg-slider1-300x150.jpg 300w, https:\/\/yf-consultants.com\/wp-content\/uploads\/2017\/09\/fin-bg-slider1-768x384.jpg 768w, https:\/\/yf-consultants.com\/wp-content\/uploads\/2017\/09\/fin-bg-slider1-1024x512.jpg 1024w, https:\/\/yf-consultants.com\/wp-content\/uploads\/2017\/09\/fin-bg-slider1-800x400.jpg 800w, https:\/\/yf-consultants.com\/wp-content\/uploads\/2017\/09\/fin-bg-slider1-624x312.jpg 624w\" sizes=\"auto, (max-width: 1600px) 100vw, 1600px\" \/><\/div>\n\t\t<\/figure>\n\t<\/div>\n<div class=\"vc_empty_space\"   style=\"height: 26px\"><span class=\"vc_empty_space_inner\"><\/span><\/div>\n\t<div class=\"wpb_text_column wpb_content_element\" >\n\t\t<div class=\"wpb_wrapper\">\n\t\t\t<p>Com a nossa metodologia comprovada e as melhores pr\u00e1ticas desenvolvidas internamente, impulsionamos os resultados financeiros globais dos activos hoteleiros, optimizando o retorno do seu investimento hoteleiro. O nosso objetivo \u00e9 desafiar o status quo no seu mercado local e transformar a sua propriedade ou projeto hoteleiro num l\u00edder de mercado. Demasiados hot\u00e9is est\u00e3o presos a formas tradicionais de funcionamento; n\u00f3s elevaremos o seu ativo hoteleiro a outro n\u00edvel, descobrindo o potencial de receitas escondido.<\/p>\n\n\t\t<\/div>\n\t<\/div>\n<\/div><\/div><\/div><\/div><div class=\"vc_row-full-width vc_clearfix\"><\/div><div data-vc-full-width=\"true\" data-vc-full-width-init=\"false\" data-vc-parallax=\"1.5\" data-vc-parallax-image=\"https:\/\/yf-consultants.com\/wp-content\/uploads\/2017\/09\/fin-bg-parallax2.jpg\" class=\"vc_row wpb_row vc_row-fluid vc_custom_1548880673272 vc_row-has-fill vc_general vc_parallax vc_parallax-content-moving row-overlay\"><div class=\"wpb_column vc_column_container vc_col-sm-12\"><div class=\"vc_column-inner vc_custom_1504020647062\"><div class=\"wpb_wrapper\"><div class=\"vc_empty_space\"   style=\"height: 100px\"><span class=\"vc_empty_space_inner\"><\/span><\/div><div class=\"vc_row wpb_row vc_inner vc_row-fluid row-box vc_row-o-equal-height vc_row-flex\"><div class=\"wpb_column vc_column_container vc_col-sm-12 vc_col-lg-6 vc_col-md-6\"><div class=\"vc_column-inner vc_custom_1504014578408\"><div class=\"wpb_wrapper\"><div id=\"cms-heading\" class=\"cms-heading-wrapper  title-line-layout1 subtitle-no-box show-title-line cms-heading-layout1\">\n    \n        <div class=\"cms-heading-inner clearfix\">\n                                <div class=\"cms-heading-content text-left\">\n                                            <div class=\"cms-heading-subtitle text-capitalize\" style=\"font-size:;color:#a5a5a5;\">Tem uma pergunta?!!<\/div>\n                                        <div class=\"cms-heading-title-wrap\">\n                        <h3 class=\"cms-heading-title text-capitalize\" style=\"; max-width: ;font-size:;color:#fac019;line-height:;margin:;letter-spacing:;font-weight:;\">\n                            Fa\u00e7a uma marca\u00e7\u00e3o                                                    <\/h3>\n                    <\/div>\n                                                                    <div class=\"cms-heading-line size-small\">\n                            <div class=\"line1\" style=\"border-color:;\"><\/div>\n                            <div class=\"line2\" style=\"border-color:;\"><\/div>\n                        <\/div>\n                                                                                                <\/div>\n                <\/div>\n<\/div><div class=\"vc_empty_space\"   style=\"height: 25px\"><span class=\"vc_empty_space_inner\"><\/span><\/div>\n<div class=\"wpcf7 no-js\" id=\"wpcf7-f2998-o1\" lang=\"en-US\" dir=\"ltr\" data-wpcf7-id=\"2998\">\n<div class=\"screen-reader-response\"><p role=\"status\" aria-live=\"polite\" aria-atomic=\"true\"><\/p> <ul><\/ul><\/div>\n<form action=\"\/pt\/wp-json\/wp\/v2\/pages\/3007#wpcf7-f2998-o1\" method=\"post\" class=\"wpcf7-form init\" aria-label=\"Contact form\" novalidate=\"novalidate\" data-status=\"init\" data-trp-original-action=\"\/pt\/wp-json\/wp\/v2\/pages\/3007#wpcf7-f2998-o1\">\n<fieldset class=\"hidden-fields-container\"><input type=\"hidden\" name=\"_wpcf7\" value=\"2998\" \/><input type=\"hidden\" name=\"_wpcf7_version\" value=\"6.1.4\" \/><input type=\"hidden\" name=\"_wpcf7_locale\" value=\"en_US\" \/><input type=\"hidden\" name=\"_wpcf7_unit_tag\" value=\"wpcf7-f2998-o1\" \/><input type=\"hidden\" name=\"_wpcf7_container_post\" value=\"0\" \/><input type=\"hidden\" name=\"_wpcf7_posted_data_hash\" value=\"\" \/>\n<\/fieldset>\n<div class=\"row\">\n\t<div class=\"col-xs-12 col-sm-12 col-md-6 col-lg-6\">\n\t\t<div class=\"input-filled\">\n\t\t\t<p><span class=\"wpcf7-form-control-wrap\" data-name=\"your-name\"><input size=\"40\" maxlength=\"400\" class=\"wpcf7-form-control wpcf7-text wpcf7-validates-as-required\" aria-required=\"true\" aria-invalid=\"false\" placeholder=\"Nome:\" value=\"\" type=\"text\" name=\"your-name\" \/><\/span>\n\t\t\t<\/p>\n\t\t<\/div>\n\t<\/div>\n\t<div class=\"col-xs-12 col-sm-12 col-md-6 col-lg-6\">\n\t\t<div class=\"input-filled\">\n\t\t\t<p><span class=\"wpcf7-form-control-wrap\" data-name=\"your-email\"><input size=\"40\" maxlength=\"400\" class=\"wpcf7-form-control wpcf7-email wpcf7-validates-as-required wpcf7-text wpcf7-validates-as-email\" aria-required=\"true\" aria-invalid=\"false\" placeholder=\"Email:\" value=\"\" type=\"email\" name=\"your-email\" \/><\/span>\n\t\t\t<\/p>\n\t\t<\/div>\n\t<\/div>\n<\/div>\n<div class=\"row\">\n\t<div class=\"col-xs-12 col-sm-12 col-md-12 col-lg-12\">\n\t\t<div class=\"input-filled\">\n\t\t\t<p><span class=\"wpcf7-form-control-wrap\" data-name=\"your-message\"><textarea cols=\"40\" rows=\"10\" maxlength=\"2000\" class=\"wpcf7-form-control wpcf7-textarea wpcf7-validates-as-required\" aria-required=\"true\" aria-invalid=\"false\" placeholder=\"Detalhes do pedido:\" name=\"your-message\"><\/textarea><\/span>\n\t\t\t<\/p>\n\t\t<\/div>\n\t<\/div>\n<\/div>\n<div class=\"row\">\n\t<div class=\"col-xs-12 col-sm-12 col-md-12 col-lg-12 rm-margin\">\n\t\t<p><input class=\"wpcf7-form-control wpcf7-submit has-spinner btn btn-primary btn-square btn-block\" type=\"submit\" value=\"Submeter o pedido\" \/>\n\t\t<\/p>\n\t<\/div>\n<\/div><div class=\"wpcf7-response-output\" aria-hidden=\"true\"><\/div>\n<input type=\"hidden\" name=\"trp-form-language\" value=\"pt\"\/><\/form>\n<\/div>\n<\/div><\/div><\/div><div class=\"wpb_column vc_column_container vc_col-sm-12 vc_col-lg-6 vc_col-md-6 vc_col-has-fill\"><div class=\"vc_column-inner vc_custom_1506743711594\"><div class=\"wpb_wrapper\"><div class=\"vc_empty_space\"   style=\"height: 320px\"><span class=\"vc_empty_space_inner\"><\/span><\/div><\/div><\/div><\/div><\/div><div class=\"vc_empty_space\"   style=\"height: 100px\"><span class=\"vc_empty_space_inner\"><\/span><\/div><\/div><\/div><\/div><\/div><div class=\"vc_row-full-width vc_clearfix\"><\/div>","protected":false},"excerpt":{"rendered":"YF Consultants is a game changing company in hotel asset management. Over the last few years, the hospitality industry has seen a shift of focus from cost control, only optimizing bottom line profit, to driving top line income through revenue management. And the YF Consultants team is a global leaders and expert in this field. [...]","protected":false},"author":1,"featured_media":0,"parent":2830,"menu_order":0,"comment_status":"closed","ping_status":"closed","template":"","meta":{"footnotes":""},"class_list":["post-3007","page","type-page","status-publish","hentry"],"_links":{"self":[{"href":"https:\/\/yf-consultants.com\/pt\/wp-json\/wp\/v2\/pages\/3007","targetHints":{"allow":["GET"]}}],"collection":[{"href":"https:\/\/yf-consultants.com\/pt\/wp-json\/wp\/v2\/pages"}],"about":[{"href":"https:\/\/yf-consultants.com\/pt\/wp-json\/wp\/v2\/types\/page"}],"author":[{"embeddable":true,"href":"https:\/\/yf-consultants.com\/pt\/wp-json\/wp\/v2\/users\/1"}],"replies":[{"embeddable":true,"href":"https:\/\/yf-consultants.com\/pt\/wp-json\/wp\/v2\/comments?post=3007"}],"version-history":[{"count":2,"href":"https:\/\/yf-consultants.com\/pt\/wp-json\/wp\/v2\/pages\/3007\/revisions"}],"predecessor-version":[{"id":3033,"href":"https:\/\/yf-consultants.com\/pt\/wp-json\/wp\/v2\/pages\/3007\/revisions\/3033"}],"up":[{"embeddable":true,"href":"https:\/\/yf-consultants.com\/pt\/wp-json\/wp\/v2\/pages\/2830"}],"wp:attachment":[{"href":"https:\/\/yf-consultants.com\/pt\/wp-json\/wp\/v2\/media?parent=3007"}],"curies":[{"name":"wp","href":"https:\/\/api.w.org\/{rel}","templated":true}]}}