{"id":3008,"date":"2019-01-30T21:24:47","date_gmt":"2019-01-30T21:24:47","guid":{"rendered":"http:\/\/yf-consultants.com\/?page_id=3008"},"modified":"2024-09-23T14:10:51","modified_gmt":"2024-09-23T14:10:51","slug":"pre-opening","status":"publish","type":"page","link":"https:\/\/yf-consultants.com\/pt\/services\/pre-opening\/","title":{"rendered":"Pr\u00e9-Abertura"},"content":{"rendered":"<div data-vc-full-width=\"true\" data-vc-full-width-init=\"false\" class=\"vc_row wpb_row vc_row-fluid vc_row-o-equal-height vc_row-flex\"><div class=\"rw30 wpb_column vc_column_container vc_col-sm-7 vc_col-lg-6 vc_col-md-6 rm-padding-md\"><div class=\"vc_column-inner vc_custom_1548888886227\"><div class=\"wpb_wrapper\"><div id=\"cms-space-69e12a870ee2e\">\n\t<style type=\"text\/css\" scoped>\n\t\t@media screen and (min-width: 1200px) {\n\t\t\t#cms-space-69e12a870ee2e .cms-space {\n\t\t\t\theight: 107px;\n\t\t\t}\n\t\t}\n\t\t@media (min-width: 992px) and (max-width: 1200px) {\n\t\t\t#cms-space-69e12a870ee2e .cms-space {\n\t\t\t\theight: 60px;\n\t\t\t}\n\t\t}\n\t\t@media (min-width: 768px) and (max-width: 991px) {\n\t\t\t#cms-space-69e12a870ee2e .cms-space {\n\t\t\t\theight: 60px;\n\t\t\t}\n\t\t}\n\t\t@media screen and (max-width: 767px) {\n\t\t\t#cms-space-69e12a870ee2e .cms-space {\n\t\t\t\theight: 60px;\n\t\t\t}\n\t\t}\n\t<\/style>\n\t<div class=\"cms-space\"><\/div>\n<\/div>\n\t<div class=\"wpb_text_column wpb_content_element\" >\n\t\t<div class=\"wpb_wrapper\">\n\t\t\t<h2 style=\"font-size: 20px;\">Estabelecendo a Base para o Sucesso!<\/h2>\n\n\t\t<\/div>\n\t<\/div>\n<div class=\"vc_empty_space\"   style=\"height: 26px\"><span class=\"vc_empty_space_inner\"><\/span><\/div>\n\t<div class=\"wpb_text_column wpb_content_element\" >\n\t\t<div class=\"wpb_wrapper\">\n\t\t\t<p>Na <strong>YF Consultants<\/strong>, entendemos que a primeira impress\u00e3o do seu neg\u00f3cio pode determinar o sucesso a longo prazo. Nossos servi\u00e7os de pr\u00e9-abertura s\u00e3o projetados para garantir que seu neg\u00f3cio n\u00e3o esteja apenas pronto para o lan\u00e7amento, mas posicionado para prosperar desde o primeiro dia. Com vasta experi\u00eancia na hospitalidade e em outras ind\u00fastrias voltadas para servi\u00e7os, oferecemos suporte completo para garantir uma abertura tranquila.<\/p>\n\n\t\t<\/div>\n\t<\/div>\n<div class=\"vc_empty_space\"   style=\"height: 26px\"><span class=\"vc_empty_space_inner\"><\/span><\/div>\n\t<div class=\"wpb_text_column wpb_content_element\" >\n\t\t<div class=\"wpb_wrapper\">\n\t\t\t<h2 style=\"font-size: 20px;\">Nossas Ofertas de Servi\u00e7os de Pr\u00e9-Abertura<\/h2>\n\n\t\t<\/div>\n\t<\/div>\n<div class=\"vc_empty_space\"   style=\"height: 26px\"><span class=\"vc_empty_space_inner\"><\/span><\/div>\n\t<div class=\"wpb_text_column wpb_content_element\" >\n\t\t<div class=\"wpb_wrapper\">\n\t\t\t<p>Nossa equipe trabalha ao lado da sua gest\u00e3o para garantir que todos os sistemas operacionais estejam totalmente funcionais antes do lan\u00e7amento. Desde o desenvolvimento de uma estrat\u00e9gia personalizada at\u00e9 a identifica\u00e7\u00e3o dos melhores fornecedores, garantimos que tudo esteja em seu devido lugar para criar uma experi\u00eancia impec\u00e1vel para o cliente. Tamb\u00e9m nos concentramos na otimiza\u00e7\u00e3o do layout, fluxo de servi\u00e7o e gest\u00e3o de recursos para maximizar a efici\u00eancia.<\/p>\n<p><strong>Os servi\u00e7os incluem:<\/strong><\/p>\n<ul>\n<li>Recrutamento e qualifica\u00e7\u00e3o do gerente do hotel.<\/li>\n<li>Sele\u00e7\u00e3o e negocia\u00e7\u00e3o com fornecedores.<\/li>\n<li>Desenvolvimento de protocolos SOP e SOO.<\/li>\n<li>Recrutamento e treinamento da equipe do hotel.<\/li>\n<li>Desenvolvimento da estrutura de relat\u00f3rios financeiros.<\/li>\n<\/ul>\n\n\t\t<\/div>\n\t<\/div>\n<div class=\"vc_empty_space\"   style=\"height: 26px\"><span class=\"vc_empty_space_inner\"><\/span><\/div>\n\t<div class=\"wpb_text_column wpb_content_element\" >\n\t\t<div class=\"wpb_wrapper\">\n\t\t\t<h2 style=\"font-size: 20px;\">Contrata\u00e7\u00e3o e Treinamento de Equipe<\/h2>\n\n\t\t<\/div>\n\t<\/div>\n<div class=\"vc_empty_space\"   style=\"height: 26px\"><span class=\"vc_empty_space_inner\"><\/span><\/div>\n\t<div class=\"wpb_text_column wpb_content_element\" >\n\t\t<div class=\"wpb_wrapper\">\n\t\t\t<p>Encontrar o talento certo e prepar\u00e1-los para o dia de abertura e opera\u00e7\u00f5es cont\u00ednuas \u00e9 crucial para proporcionar experi\u00eancias excepcionais aos h\u00f3spedes e manter a efici\u00eancia operacional. Nossos programas de treinamento s\u00e3o projetados para equipar sua equipe com as habilidades e conhecimentos necess\u00e1rios para se destacar em suas fun\u00e7\u00f5es desde o primeiro dia.<\/p>\n<p>O treinamento de equipe vai al\u00e9m da integra\u00e7\u00e3o b\u00e1sica; ele desempenha um papel fundamental em garantir que os funcion\u00e1rios compreendam os padr\u00f5es de servi\u00e7o da marca, a cultura e as expectativas dos clientes.<\/p>\n<p><strong>Funcion\u00e1rios bem treinados contribuem para:<\/strong><\/p>\n<ul>\n<li>Aumento da Satisfa\u00e7\u00e3o do Cliente<\/li>\n<li>Efici\u00eancia Operacional o Consist\u00eancia no Servi\u00e7o<\/li>\n<li>Reten\u00e7\u00e3o e Engajamento dos Funcion\u00e1rios<\/li>\n<li>Employee Retention and Engagement<\/li>\n<\/ul>\n<p>Nossa equipe na <strong>YF Consultants<\/strong> projeta programas de treinamento de acordo com as necessidades espec\u00edficas do seu neg\u00f3cio, garantindo que sua equipe esteja confiante, competente e pronta para representar sua marca desde o primeiro dia.<\/p>\n\n\t\t<\/div>\n\t<\/div>\n<div class=\"vc_empty_space\"   style=\"height: 26px\"><span class=\"vc_empty_space_inner\"><\/span><\/div><\/div><\/div><\/div><div class=\"wpb_column vc_column_container vc_col-sm-5 vc_col-lg-6 vc_col-md-6 vc_col-has-fill\"><div class=\"vc_column-inner vc_custom_1548888264406\"><div class=\"wpb_wrapper\">\n\t<div  class=\"wpb_single_image wpb_content_element vc_align_left\">\n\t\t\n\t\t<figure class=\"wpb_wrapper vc_figure\">\n\t\t\t<div class=\"vc_single_image-wrapper   vc_box_border_grey\"><img loading=\"lazy\" decoding=\"async\" width=\"1600\" height=\"1600\" src=\"https:\/\/yf-consultants.com\/wp-content\/uploads\/2024\/09\/pre-opening-service-image.jpeg\" class=\"vc_single_image-img attachment-full\" alt=\"\" srcset=\"https:\/\/yf-consultants.com\/wp-content\/uploads\/2024\/09\/pre-opening-service-image.jpeg 1600w, https:\/\/yf-consultants.com\/wp-content\/uploads\/2024\/09\/pre-opening-service-image-300x300.jpeg 300w, https:\/\/yf-consultants.com\/wp-content\/uploads\/2024\/09\/pre-opening-service-image-1024x1024.jpeg 1024w, https:\/\/yf-consultants.com\/wp-content\/uploads\/2024\/09\/pre-opening-service-image-150x150.jpeg 150w, https:\/\/yf-consultants.com\/wp-content\/uploads\/2024\/09\/pre-opening-service-image-768x768.jpeg 768w, https:\/\/yf-consultants.com\/wp-content\/uploads\/2024\/09\/pre-opening-service-image-1536x1536.jpeg 1536w, https:\/\/yf-consultants.com\/wp-content\/uploads\/2024\/09\/pre-opening-service-image-12x12.jpeg 12w, https:\/\/yf-consultants.com\/wp-content\/uploads\/2024\/09\/pre-opening-service-image-400x400.jpeg 400w, https:\/\/yf-consultants.com\/wp-content\/uploads\/2024\/09\/pre-opening-service-image-800x800.jpeg 800w, https:\/\/yf-consultants.com\/wp-content\/uploads\/2024\/09\/pre-opening-service-image-624x624.jpeg 624w\" sizes=\"auto, (max-width: 1600px) 100vw, 1600px\" \/><\/div>\n\t\t<\/figure>\n\t<\/div>\n<div class=\"vc_empty_space\"   style=\"height: 26px\"><span class=\"vc_empty_space_inner\"><\/span><\/div>\n\t<div class=\"wpb_text_column wpb_content_element\" >\n\t\t<div class=\"wpb_wrapper\">\n\t\t\t<h2 style=\"font-size: 20px;\">Desenvolvimento de Marca e Marketing<\/h2>\n\n\t\t<\/div>\n\t<\/div>\n<div class=\"vc_empty_space\"   style=\"height: 26px\"><span class=\"vc_empty_space_inner\"><\/span><\/div>\n\t<div class=\"wpb_text_column wpb_content_element\" >\n\t\t<div class=\"wpb_wrapper\">\n\t\t\t<p>Antes de abrir as portas, sua marca precisa causar um impacto. Nossos especialistas em marketing e marca trabalhar\u00e3o com voc\u00ea para desenvolver uma campanha pr\u00e9-lan\u00e7amento atraente que crie expectativa em torno do seu neg\u00f3cio. Tamb\u00e9m cuidamos de estrat\u00e9gias digitais e presenciais para garantir que seu neg\u00f3cio comece com for\u00e7a.<\/p>\n<p><strong>Os servi\u00e7os incluem:<\/strong><\/p>\n<ul>\n<li>Estrat\u00e9gia e execu\u00e7\u00e3o de marketing pr\u00e9-lan\u00e7amento<\/li>\n<li>M\u00eddias sociais, publicidade digital e ativa\u00e7\u00e3o presencial<\/li>\n<li>Cria\u00e7\u00e3o e consist\u00eancia da identidade da marca<\/li>\n<\/ul>\n\n\t\t<\/div>\n\t<\/div>\n<div class=\"vc_empty_space\"   style=\"height: 26px\"><span class=\"vc_empty_space_inner\"><\/span><\/div>\n\t<div class=\"wpb_text_column wpb_content_element\" >\n\t\t<div class=\"wpb_wrapper\">\n\t\t\t<h2 style=\"font-size: 20px;\">SOP Desenvolvimento<\/h2>\n\n\t\t<\/div>\n\t<\/div>\n<div class=\"vc_empty_space\"   style=\"height: 26px\"><span class=\"vc_empty_space_inner\"><\/span><\/div>\n\t<div class=\"wpb_text_column wpb_content_element\" >\n\t\t<div class=\"wpb_wrapper\">\n\t\t\t<p>Estabelecer Procedimentos Operacionais Padr\u00e3o (SOPs) garante consist\u00eancia na qualidade e no servi\u00e7o em todas as suas opera\u00e7\u00f5es. Ajudamos a desenvolver e implementar SOPs personalizados, adaptados ao seu modelo de neg\u00f3cio, garantindo excel\u00eancia operacional desde o primeiro dia.<\/p>\n<p><strong>Os servi\u00e7os incluem:<\/strong><\/p>\n<ul>\n<li>Cria\u00e7\u00e3o e documenta\u00e7\u00e3o dos SOPs<\/li>\n<li>Treinamento da equipe na implementa\u00e7\u00e3o dos SOPs<\/li>\n<li>Suporte cont\u00ednuo e aprimoramento dos procedimentos<\/li>\n<\/ul>\n\n\t\t<\/div>\n\t<\/div>\n<\/div><\/div><\/div><\/div><div class=\"vc_row-full-width vc_clearfix\"><\/div><div class=\"vc_row wpb_row vc_row-fluid\"><div class=\"wpb_column vc_column_container vc_col-sm-12\"><div class=\"vc_column-inner\"><div class=\"wpb_wrapper\"><div class=\"vc_empty_space\"   style=\"height: 32px\"><span class=\"vc_empty_space_inner\"><\/span><\/div><\/div><\/div><\/div><\/div><div data-vc-full-width=\"true\" data-vc-full-width-init=\"false\" data-vc-parallax=\"1.5\" data-vc-parallax-image=\"https:\/\/yf-consultants.com\/wp-content\/uploads\/2017\/09\/fin-bg-parallax2.jpg\" class=\"vc_row wpb_row vc_row-fluid vc_custom_1548880673272 vc_row-has-fill vc_general vc_parallax vc_parallax-content-moving row-overlay\"><div class=\"wpb_column vc_column_container vc_col-sm-12\"><div class=\"vc_column-inner vc_custom_1504020647062\"><div class=\"wpb_wrapper\"><div class=\"vc_empty_space\"   style=\"height: 100px\"><span class=\"vc_empty_space_inner\"><\/span><\/div><div class=\"vc_row wpb_row vc_inner vc_row-fluid row-box vc_row-o-equal-height vc_row-flex\"><div class=\"wpb_column vc_column_container vc_col-sm-12 vc_col-lg-6 vc_col-md-6\"><div class=\"vc_column-inner vc_custom_1504014578408\"><div class=\"wpb_wrapper\"><div id=\"cms-heading\" class=\"cms-heading-wrapper  title-line-layout1 subtitle-no-box show-title-line cms-heading-layout1\">\n    \n        <div class=\"cms-heading-inner clearfix\">\n                                <div class=\"cms-heading-content text-left\">\n                                            <div class=\"cms-heading-subtitle text-capitalize\" style=\"font-size:;color:#a5a5a5;\">Tem uma pergunta?!!<\/div>\n                                        <div class=\"cms-heading-title-wrap\">\n                        <h3 class=\"cms-heading-title text-capitalize\" style=\"; max-width: ;font-size:;color:#fac019;line-height:;margin:;letter-spacing:;font-weight:;\">\n                            Fa\u00e7a uma marca\u00e7\u00e3o                                                    <\/h3>\n                    <\/div>\n                                                                    <div class=\"cms-heading-line size-small\">\n                            <div class=\"line1\" style=\"border-color:;\"><\/div>\n                            <div class=\"line2\" style=\"border-color:;\"><\/div>\n                        <\/div>\n                                                                                                <\/div>\n                <\/div>\n<\/div><div class=\"vc_empty_space\"   style=\"height: 25px\"><span class=\"vc_empty_space_inner\"><\/span><\/div>\n<div class=\"wpcf7 no-js\" id=\"wpcf7-f2998-o1\" lang=\"en-US\" dir=\"ltr\" data-wpcf7-id=\"2998\">\n<div class=\"screen-reader-response\"><p role=\"status\" aria-live=\"polite\" aria-atomic=\"true\"><\/p> <ul><\/ul><\/div>\n<form action=\"\/pt\/wp-json\/wp\/v2\/pages\/3008#wpcf7-f2998-o1\" method=\"post\" class=\"wpcf7-form init\" aria-label=\"Contact form\" novalidate=\"novalidate\" data-status=\"init\" data-trp-original-action=\"\/pt\/wp-json\/wp\/v2\/pages\/3008#wpcf7-f2998-o1\">\n<fieldset class=\"hidden-fields-container\"><input type=\"hidden\" name=\"_wpcf7\" value=\"2998\" \/><input type=\"hidden\" name=\"_wpcf7_version\" value=\"6.1.4\" \/><input type=\"hidden\" name=\"_wpcf7_locale\" value=\"en_US\" \/><input type=\"hidden\" name=\"_wpcf7_unit_tag\" value=\"wpcf7-f2998-o1\" \/><input type=\"hidden\" name=\"_wpcf7_container_post\" value=\"0\" \/><input type=\"hidden\" name=\"_wpcf7_posted_data_hash\" value=\"\" \/>\n<\/fieldset>\n<div class=\"row\">\n\t<div class=\"col-xs-12 col-sm-12 col-md-6 col-lg-6\">\n\t\t<div class=\"input-filled\">\n\t\t\t<p><span class=\"wpcf7-form-control-wrap\" data-name=\"your-name\"><input size=\"40\" maxlength=\"400\" class=\"wpcf7-form-control wpcf7-text wpcf7-validates-as-required\" aria-required=\"true\" aria-invalid=\"false\" placeholder=\"Nome:\" value=\"\" type=\"text\" name=\"your-name\" \/><\/span>\n\t\t\t<\/p>\n\t\t<\/div>\n\t<\/div>\n\t<div class=\"col-xs-12 col-sm-12 col-md-6 col-lg-6\">\n\t\t<div class=\"input-filled\">\n\t\t\t<p><span class=\"wpcf7-form-control-wrap\" data-name=\"your-email\"><input size=\"40\" maxlength=\"400\" class=\"wpcf7-form-control wpcf7-email wpcf7-validates-as-required wpcf7-text wpcf7-validates-as-email\" aria-required=\"true\" aria-invalid=\"false\" placeholder=\"Email:\" value=\"\" type=\"email\" name=\"your-email\" \/><\/span>\n\t\t\t<\/p>\n\t\t<\/div>\n\t<\/div>\n<\/div>\n<div class=\"row\">\n\t<div class=\"col-xs-12 col-sm-12 col-md-12 col-lg-12\">\n\t\t<div class=\"input-filled\">\n\t\t\t<p><span class=\"wpcf7-form-control-wrap\" data-name=\"your-message\"><textarea cols=\"40\" rows=\"10\" maxlength=\"2000\" class=\"wpcf7-form-control wpcf7-textarea wpcf7-validates-as-required\" aria-required=\"true\" aria-invalid=\"false\" placeholder=\"Detalhes do pedido:\" name=\"your-message\"><\/textarea><\/span>\n\t\t\t<\/p>\n\t\t<\/div>\n\t<\/div>\n<\/div>\n<div class=\"row\">\n\t<div class=\"col-xs-12 col-sm-12 col-md-12 col-lg-12 rm-margin\">\n\t\t<p><input class=\"wpcf7-form-control wpcf7-submit has-spinner btn btn-primary btn-square btn-block\" type=\"submit\" value=\"Submeter o pedido\" \/>\n\t\t<\/p>\n\t<\/div>\n<\/div><div class=\"wpcf7-response-output\" aria-hidden=\"true\"><\/div>\n<input type=\"hidden\" name=\"trp-form-language\" value=\"pt\"\/><\/form>\n<\/div>\n<\/div><\/div><\/div><div class=\"wpb_column vc_column_container vc_col-sm-12 vc_col-lg-6 vc_col-md-6 vc_col-has-fill\"><div class=\"vc_column-inner vc_custom_1506743711594\"><div class=\"wpb_wrapper\"><div class=\"vc_empty_space\"   style=\"height: 320px\"><span class=\"vc_empty_space_inner\"><\/span><\/div><\/div><\/div><\/div><\/div><div class=\"vc_empty_space\"   style=\"height: 100px\"><span class=\"vc_empty_space_inner\"><\/span><\/div><\/div><\/div><\/div><\/div><div class=\"vc_row-full-width vc_clearfix\"><\/div>","protected":false},"excerpt":{"rendered":"Setting the Foundation for Success! At YF Consultants, we understand that the first impression of your business can determine long-term success. Our pre-opening services are designed to ensure that your business is not only ready for launch but positioned to thrive from day one. With extensive experience in hospitality, and other service-driven industries, we provide [...]","protected":false},"author":1,"featured_media":0,"parent":2830,"menu_order":0,"comment_status":"closed","ping_status":"closed","template":"","meta":{"footnotes":""},"class_list":["post-3008","page","type-page","status-publish","hentry"],"_links":{"self":[{"href":"https:\/\/yf-consultants.com\/pt\/wp-json\/wp\/v2\/pages\/3008","targetHints":{"allow":["GET"]}}],"collection":[{"href":"https:\/\/yf-consultants.com\/pt\/wp-json\/wp\/v2\/pages"}],"about":[{"href":"https:\/\/yf-consultants.com\/pt\/wp-json\/wp\/v2\/types\/page"}],"author":[{"embeddable":true,"href":"https:\/\/yf-consultants.com\/pt\/wp-json\/wp\/v2\/users\/1"}],"replies":[{"embeddable":true,"href":"https:\/\/yf-consultants.com\/pt\/wp-json\/wp\/v2\/comments?post=3008"}],"version-history":[{"count":10,"href":"https:\/\/yf-consultants.com\/pt\/wp-json\/wp\/v2\/pages\/3008\/revisions"}],"predecessor-version":[{"id":3468,"href":"https:\/\/yf-consultants.com\/pt\/wp-json\/wp\/v2\/pages\/3008\/revisions\/3468"}],"up":[{"embeddable":true,"href":"https:\/\/yf-consultants.com\/pt\/wp-json\/wp\/v2\/pages\/2830"}],"wp:attachment":[{"href":"https:\/\/yf-consultants.com\/pt\/wp-json\/wp\/v2\/media?parent=3008"}],"curies":[{"name":"wp","href":"https:\/\/api.w.org\/{rel}","templated":true}]}}