{"id":3310,"date":"2023-10-15T07:55:12","date_gmt":"2023-10-15T07:55:12","guid":{"rendered":"https:\/\/yf-consultants.com\/?page_id=3310"},"modified":"2023-10-15T14:32:18","modified_gmt":"2023-10-15T14:32:18","slug":"mystery-shopping","status":"publish","type":"page","link":"https:\/\/yf-consultants.com\/pt\/services\/mystery-shopping\/","title":{"rendered":"Compras Mist\u00e9rio"},"content":{"rendered":"<section class=\"vc_section\"><div class=\"vc_row wpb_row vc_row-fluid\"><div class=\"wpb_column vc_column_container vc_col-sm-12\"><div class=\"vc_column-inner\"><div class=\"wpb_wrapper\">\n\t<div class=\"wpb_text_column wpb_content_element\" >\n\t\t<div class=\"wpb_wrapper\">\n\t\t\t<h2 style=\"text-align: center;\">O que s\u00e3o as Compras Mist\u00e9rio<\/h2>\n\n\t\t<\/div>\n\t<\/div>\n<div class=\"vc_empty_space\"   style=\"height: 32px\"><span class=\"vc_empty_space_inner\"><\/span><\/div>\n\t<div class=\"wpb_text_column wpb_content_element\" >\n\t\t<div class=\"wpb_wrapper\">\n\t\t\t<p>As compras mist\u00e9rio s\u00e3o um m\u00e9todo empregue para obter uma vis\u00e3o mais profunda da experi\u00eancia do cliente. Envolve a realiza\u00e7\u00e3o de pesquisas no local, levadas a cabo por auditores imparciais que assumem o papel de clientes comuns, muitas vezes referidos como \"clientes mist\u00e9rio\". Estes indiv\u00edduos visitam locais de neg\u00f3cios espec\u00edficos e recolhem dados relativos ao n\u00edvel de qualidade do servi\u00e7o e ofertas de produtos.<\/p>\n\n\t\t<\/div>\n\t<\/div>\n<div class=\"vc_empty_space\"   style=\"height: 32px\"><span class=\"vc_empty_space_inner\"><\/span><\/div><\/div><\/div><\/div><\/div><div class=\"vc_row wpb_row vc_row-fluid\"><div class=\"wpb_column vc_column_container vc_col-sm-12\"><div class=\"vc_column-inner\"><div class=\"wpb_wrapper\"><\/div><\/div><\/div><\/div><\/section><section class=\"vc_section\"><div class=\"vc_row wpb_row vc_row-fluid\"><div class=\"wpb_column vc_column_container vc_col-sm-6\"><div class=\"vc_column-inner\"><div class=\"wpb_wrapper\">\n\t<div class=\"wpb_text_column wpb_content_element\" >\n\t\t<div class=\"wpb_wrapper\">\n\t\t\t<h4>Evolu\u00e7\u00e3o das Compras Mist\u00e9rio.<\/h4>\n\n\t\t<\/div>\n\t<\/div>\n<div class=\"vc_empty_space\"   style=\"height: 32px\"><span class=\"vc_empty_space_inner\"><\/span><\/div>\n\t<div class=\"wpb_text_column wpb_content_element\" >\n\t\t<div class=\"wpb_wrapper\">\n\t\t\t<p>O conceito de compras mist\u00e9rio pode ser rastreado at\u00e9 ao final do s\u00e9culo XIX, quando os propriet\u00e1rios e gestores de empresas usavam amigos ou conhecidos para avaliar secretamente a qualidade dos seus servi\u00e7os. No entanto, a formaliza\u00e7\u00e3o das compras mist\u00e9rio como uma t\u00e9cnica de pesquisa come\u00e7ou por volta do ano de 1940.<\/p>\n<p>Durante o per\u00edodo de 1960 a 1970, as compras mist\u00e9rio expandiram-se para v\u00e1rias ind\u00fastrias, incluindo o retalho, a hotelaria e a banca. As empresas reconheceram o seu valor na avalia\u00e7\u00e3o do servi\u00e7o ao cliente, desempenho dos empregados e cumprimento dos padr\u00f5es da empresa.<\/p>\n<p>No s\u00e9culo XXI, as compras mist\u00e9rio expandiram-se globalmente, e a internet desempenhou um papel significativo no seu crescimento. Muitas tarefas de cliente mist\u00e9rio s\u00e3o agora coordenadas online, e os clientes submetem os seus relat\u00f3rios eletronicamente. Isto tornou o processo mais eficiente e escal\u00e1vel.<\/p>\n\n\t\t<\/div>\n\t<\/div>\n<\/div><\/div><\/div><div class=\"wpb_column vc_column_container vc_col-sm-6\"><div class=\"vc_column-inner\"><div class=\"wpb_wrapper\">\n\t<div class=\"wpb_text_column wpb_content_element\" >\n\t\t<div class=\"wpb_wrapper\">\n\t\t\t<p>\u00c0 medida que a ind\u00fastria tem crescido, tem havido um impulso para um maior profissionalismo e padr\u00f5es \u00e9ticos nas compras mist\u00e9rio. Organiza\u00e7\u00f5es como a Mystery Shopping Providers Association (MSPA) foram criadas para promover as melhores pr\u00e1ticas e directrizes da ind\u00fastria.<\/p>\n\n\t\t<\/div>\n\t<\/div>\n<div class=\"vc_empty_space\"   style=\"height: 32px\"><span class=\"vc_empty_space_inner\"><\/span><\/div>\n\t<div  class=\"wpb_single_image wpb_content_element vc_align_left\">\n\t\t\n\t\t<figure class=\"wpb_wrapper vc_figure\">\n\t\t\t<div class=\"vc_single_image-wrapper   vc_box_border_grey\"><img loading=\"lazy\" decoding=\"async\" width=\"939\" height=\"167\" src=\"https:\/\/yf-consultants.com\/wp-content\/uploads\/2023\/10\/MSPA-YF-02-01.png\" class=\"vc_single_image-img attachment-full\" alt=\"\" srcset=\"https:\/\/yf-consultants.com\/wp-content\/uploads\/2023\/10\/MSPA-YF-02-01.png 939w, https:\/\/yf-consultants.com\/wp-content\/uploads\/2023\/10\/MSPA-YF-02-01-300x53.png 300w, https:\/\/yf-consultants.com\/wp-content\/uploads\/2023\/10\/MSPA-YF-02-01-768x137.png 768w, https:\/\/yf-consultants.com\/wp-content\/uploads\/2023\/10\/MSPA-YF-02-01-624x111.png 624w\" sizes=\"auto, (max-width: 939px) 100vw, 939px\" \/><\/div>\n\t\t<\/figure>\n\t<\/div>\n\n\t<div class=\"wpb_text_column wpb_content_element\" >\n\t\t<div class=\"wpb_wrapper\">\n\t\t\t<p>A YF Consultants foi galardoada com o prestigiado Certificado de Excel\u00eancia em Mystery Shopping da MSPA Americas!<\/p>\n<p>Esta certifica\u00e7\u00e3o \u00e9 um testemunho do nosso compromisso em fornecer um servi\u00e7o de alto n\u00edvel e proporcionar a melhor experi\u00eancia poss\u00edvel ao cliente. Orgulhamo-nos da nossa dedica\u00e7\u00e3o \u00e0 qualidade, profissionalismo e padr\u00f5es \u00e9ticos.<\/p>\n\n\t\t<\/div>\n\t<\/div>\n<\/div><\/div><\/div><\/div><\/section><section class=\"vc_section\"><div class=\"vc_row wpb_row vc_row-fluid\"><div class=\"wpb_column vc_column_container vc_col-sm-12\"><div class=\"vc_column-inner\"><div class=\"wpb_wrapper\"><div class=\"vc_empty_space\"   style=\"height: 60px\"><span class=\"vc_empty_space_inner\"><\/span><\/div>\n\t<div class=\"wpb_text_column wpb_content_element\" >\n\t\t<div class=\"wpb_wrapper\">\n\t\t\t<h2 style=\"text-align: center;\">O Objetivo das Compras Mist\u00e9rio<\/h2>\n\n\t\t<\/div>\n\t<\/div>\n<div class=\"vc_empty_space\"   style=\"height: 40px\"><span class=\"vc_empty_space_inner\"><\/span><\/div>\n\t<div class=\"wpb_text_column wpb_content_element\" >\n\t\t<div class=\"wpb_wrapper\">\n\t\t\t<p>As compras mist\u00e9rio s\u00e3o concebidas para fornecer \u00e0s empresas informa\u00e7\u00f5es valiosas que podem ser usadas para melhorar o seu neg\u00f3cio, servi\u00e7o ou produto. Um cliente secreto \u00e9 contratado para visitar um local de neg\u00f3cio e ser-lhe-\u00e1 atribu\u00edda uma tarefa espec\u00edfica, que pode incluir perguntas a fazer, queixas a expressar, compras a fazer e certos aspectos do neg\u00f3cio a registar.<\/p>\n<p>O objetivo das compras mist\u00e9rio \u00e9 multifacetado, e serve v\u00e1rias fun\u00e7\u00f5es importantes para empresas e organiza\u00e7\u00f5es:<\/p>\n\n\t\t<\/div>\n\t<\/div>\n<div class=\"vc_empty_space\"   style=\"height: 40px\"><span class=\"vc_empty_space_inner\"><\/span><\/div><\/div><\/div><\/div><\/div><div class=\"vc_row wpb_row vc_row-fluid\"><div class=\"wpb_column vc_column_container vc_col-sm-6\"><div class=\"vc_column-inner\"><div class=\"wpb_wrapper\">\n\t<div class=\"wpb_text_column wpb_content_element\" >\n\t\t<div class=\"wpb_wrapper\">\n\t\t\t<p><strong>Avalia\u00e7\u00e3o da Experi\u00eancia do Cliente:<\/strong><\/p>\n<p>As compras mist\u00e9rio s\u00e3o utilizadas principalmente para avaliar e compreender a experi\u00eancia do cliente. Proporciona uma perspetiva objetiva e em primeira m\u00e3o sobre a forma como os clientes s\u00e3o tratados quando interagem com uma empresa, os seus produtos e os seus servi\u00e7os.<\/p>\n\n\t\t<\/div>\n\t<\/div>\n<div class=\"vc_empty_space\"   style=\"height: 32px\"><span class=\"vc_empty_space_inner\"><\/span><\/div>\n\t<div class=\"wpb_text_column wpb_content_element\" >\n\t\t<div class=\"wpb_wrapper\">\n\t\t\t<p><strong>Avalia\u00e7\u00e3o de Desempenho:<\/strong><\/p>\n<p>As compras-mist\u00e9rio fornecem um meio de avaliar o desempenho dos funcion\u00e1rios e identificar \u00e1reas onde pode ser necess\u00e1ria forma\u00e7\u00e3o ou treino adicional. Ajuda as organiza\u00e7\u00f5es a reconhecer e a recompensar os colaboradores exemplares, ao mesmo tempo que aborda as defici\u00eancias.<\/p>\n\n\t\t<\/div>\n\t<\/div>\n<div class=\"vc_empty_space\"   style=\"height: 32px\"><span class=\"vc_empty_space_inner\"><\/span><\/div>\n\t<div class=\"wpb_text_column wpb_content_element\" >\n\t\t<div class=\"wpb_wrapper\">\n\t\t\t<p><strong>Verifica\u00e7\u00e3o de Conformidade:<\/strong><\/p>\n<p>Em ind\u00fastrias com requisitos regulamentares, as compras mist\u00e9rio podem ser usadas para verificar a conformidade com padr\u00f5es legais e \u00e9ticos. Isto \u00e9 particularmente relevante em sectores como os cuidados de sa\u00fade, finan\u00e7as e servi\u00e7os alimentares.<\/p>\n\n\t\t<\/div>\n\t<\/div>\n<div class=\"vc_empty_space\"   style=\"height: 32px\"><span class=\"vc_empty_space_inner\"><\/span><\/div>\n\t<div class=\"wpb_text_column wpb_content_element\" >\n\t\t<div class=\"wpb_wrapper\">\n\t\t\t<p><strong>Avalia\u00e7\u00e3o do Lan\u00e7amento de Produtos:<\/strong><\/p>\n<p>As compras mist\u00e9rio podem ser empregues para avaliar o lan\u00e7amento de novos produtos ou servi\u00e7os. As empresas podem avaliar as reac\u00e7\u00f5es dos clientes, recolher feedback e fazer ajustes com base em observa\u00e7\u00f5es do mundo real.<\/p>\n\n\t\t<\/div>\n\t<\/div>\n<div class=\"vc_empty_space\"   style=\"height: 32px\"><span class=\"vc_empty_space_inner\"><\/span><\/div>\n\t<div class=\"wpb_text_column wpb_content_element\" >\n\t\t<div class=\"wpb_wrapper\">\n\t\t\t<p><strong>Mitiga\u00e7\u00e3o de Riscos:<\/strong><\/p>\n<p>Ao identificar quest\u00f5es ou potenciais problemas precocemente atrav\u00e9s das compras mist\u00e9rio, as empresas podem tomar ac\u00e7\u00f5es correctivas antes que estas se transformem em desafios mais significativos ou levem a danos na reputa\u00e7\u00e3o.<\/p>\n\n\t\t<\/div>\n\t<\/div>\n<\/div><\/div><\/div><div class=\"wpb_column vc_column_container vc_col-sm-6\"><div class=\"vc_column-inner\"><div class=\"wpb_wrapper\">\n\t<div class=\"wpb_text_column wpb_content_element\" >\n\t\t<div class=\"wpb_wrapper\">\n\t\t\t<p><strong>Controlo de qualidade:<\/strong><\/p>\n<p>Ajuda as empresas a garantir que os seus funcion\u00e1rios cumprem as normas, pol\u00edticas e procedimentos da empresa. Os clientes-mist\u00e9rio avaliam se os funcion\u00e1rios est\u00e3o a seguir as directrizes relacionadas com o servi\u00e7o ao cliente, o conhecimento dos produtos, a limpeza e outros aspectos essenciais do neg\u00f3cio.<\/p>\n\n\t\t<\/div>\n\t<\/div>\n<div class=\"vc_empty_space\"   style=\"height: 32px\"><span class=\"vc_empty_space_inner\"><\/span><\/div>\n\t<div class=\"wpb_text_column wpb_content_element\" >\n\t\t<div class=\"wpb_wrapper\">\n\t\t\t<p><strong>Benchmarking Competitivo:<\/strong><\/p>\n<p>As empresas utilizam as compras mist\u00e9rio para comparar o seu desempenho com o da concorr\u00eancia. Ao avaliar a forma como os seus servi\u00e7os e produtos se encontram no mercado, podem identificar oportunidades de melhoria e diferencia\u00e7\u00e3o.<\/p>\n\n\t\t<\/div>\n\t<\/div>\n<div class=\"vc_empty_space\"   style=\"height: 32px\"><span class=\"vc_empty_space_inner\"><\/span><\/div>\n\t<div class=\"wpb_text_column wpb_content_element\" >\n\t\t<div class=\"wpb_wrapper\">\n\t\t\t<p><strong>Consist\u00eancia da Marca:<\/strong><\/p>\n<p>Os neg\u00f3cios com v\u00e1rias localiza\u00e7\u00f5es ou franchisings utilizam as compras mist\u00e9rio para assegurar a consist\u00eancia da marca em todos os pontos de venda. Ajuda a manter uma imagem de marca uniforme e a experi\u00eancia do cliente.<\/p>\n\n\t\t<\/div>\n\t<\/div>\n<div class=\"vc_empty_space\"   style=\"height: 32px\"><span class=\"vc_empty_space_inner\"><\/span><\/div>\n\t<div class=\"wpb_text_column wpb_content_element\" >\n\t\t<div class=\"wpb_wrapper\">\n\t\t\t<p><strong>Valida\u00e7\u00e3o do Feedback do Cliente:<\/strong><\/p>\n<p>As compras mist\u00e9rio podem corroborar ou validar o feedback dos clientes recebido atrav\u00e9s de outros canais, tais como inqu\u00e9ritos ou avalia\u00e7\u00f5es online. A valida\u00e7\u00e3o do feedback \u00e9 um mecanismo que fornece uma perspetiva independente sobre a satisfa\u00e7\u00e3o do cliente.<\/p>\n\n\t\t<\/div>\n\t<\/div>\n<div class=\"vc_empty_space\"   style=\"height: 32px\"><span class=\"vc_empty_space_inner\"><\/span><\/div>\n\t<div class=\"wpb_text_column wpb_content_element\" >\n\t\t<div class=\"wpb_wrapper\">\n\t\t\t<p><strong>Tomada de Decis\u00f5es Estrat\u00e9gicas: <\/strong><\/p>\n<p>Os dados recolhidos atrav\u00e9s das compras mist\u00e9rio podem informar decis\u00f5es estrat\u00e9gicas e investimentos em \u00e1reas como o marketing, forma\u00e7\u00e3o e melhoramentos nas instala\u00e7\u00f5es. As mesmas, ajudam a alocar recursos de forma mais eficaz.<\/p>\n\n\t\t<\/div>\n\t<\/div>\n<\/div><\/div><\/div><\/div><div class=\"vc_row wpb_row vc_row-fluid\"><div class=\"wpb_column vc_column_container vc_col-sm-6\"><div class=\"vc_column-inner\"><div class=\"wpb_wrapper\"><div class=\"vc_empty_space\"   style=\"height: 32px\"><span class=\"vc_empty_space_inner\"><\/span><\/div>\n\t<div class=\"wpb_text_column wpb_content_element\" >\n\t\t<div class=\"wpb_wrapper\">\n\t\t\t<p><strong>Inova\u00e7\u00e3o e Melhoria: <\/strong><\/p>\n\n\t\t<\/div>\n\t<\/div>\n<div class=\"vc_empty_space\"   style=\"height: 32px\"><span class=\"vc_empty_space_inner\"><\/span><\/div>\n\t<div class=\"wpb_text_column wpb_content_element\" >\n\t\t<div class=\"wpb_wrapper\">\n\t\t\t<p>As compras mist\u00e9rio fornecem informa\u00e7\u00f5es que podem impulsionar a inova\u00e7\u00e3o e a melhoria cont\u00ednua. As empresas podem utilizar esta informa\u00e7\u00e3o para melhorar os seus produtos, servi\u00e7os e estrat\u00e9gias de envolvimento do cliente.<\/p>\n\n\t\t<\/div>\n\t<\/div>\n<div class=\"vc_empty_space\"   style=\"height: 32px\"><span class=\"vc_empty_space_inner\"><\/span><\/div>\n\t<div class=\"wpb_text_column wpb_content_element\" >\n\t\t<div class=\"wpb_wrapper\">\n\t\t\t<p>No geral, o objetivo das compras mist\u00e9rio \u00e9 melhorar a experi\u00eancia do cliente, melhorar a efici\u00eancia operacional e impulsionar o crescimento do neg\u00f3cio, fornecendo informa\u00e7\u00f5es valiosas sobre os pontos fortes e fracos da organiza\u00e7\u00e3o na perspetiva do cliente. \u00c9 uma ferramenta estrat\u00e9gica para empresas empenhadas em prestar um servi\u00e7o excecional e manter uma vantagem competitiva no mercado.<\/p>\n\n\t\t<\/div>\n\t<\/div>\n<div class=\"vc_empty_space\"   style=\"height: 32px\"><span class=\"vc_empty_space_inner\"><\/span><\/div>\n\t<div class=\"wpb_text_column wpb_content_element\" >\n\t\t<div class=\"wpb_wrapper\">\n\t\t\t<p>A YF Consultants garante que os clientes mist\u00e9rio t\u00eam um olho apurado para os pormenores e devem reparar at\u00e9 no mais pequeno aspeto de um neg\u00f3cio. As compras mist\u00e9rio podem incluir a realiza\u00e7\u00e3o de compras ou simplesmente a avalia\u00e7\u00e3o do servi\u00e7o ao cliente. <\/p>\n\n\t\t<\/div>\n\t<\/div>\n<div class=\"vc_empty_space\"   style=\"height: 32px\"><span class=\"vc_empty_space_inner\"><\/span><\/div><\/div><\/div><\/div><div class=\"wpb_column vc_column_container vc_col-sm-6\"><div class=\"vc_column-inner\"><div class=\"wpb_wrapper\"><div class=\"vc_empty_space\"   style=\"height: 32px\"><span class=\"vc_empty_space_inner\"><\/span><\/div>\n\t<div  class=\"wpb_single_image wpb_content_element vc_align_center\">\n\t\t\n\t\t<figure class=\"wpb_wrapper vc_figure\">\n\t\t\t<div class=\"vc_single_image-wrapper   vc_box_border_grey\"><img loading=\"lazy\" decoding=\"async\" width=\"1280\" height=\"853\" src=\"https:\/\/yf-consultants.com\/wp-content\/uploads\/2023\/10\/image-mystery-shopping.jpeg\" class=\"vc_single_image-img attachment-full\" alt=\"\" srcset=\"https:\/\/yf-consultants.com\/wp-content\/uploads\/2023\/10\/image-mystery-shopping.jpeg 1280w, https:\/\/yf-consultants.com\/wp-content\/uploads\/2023\/10\/image-mystery-shopping-300x200.jpeg 300w, https:\/\/yf-consultants.com\/wp-content\/uploads\/2023\/10\/image-mystery-shopping-1024x682.jpeg 1024w, https:\/\/yf-consultants.com\/wp-content\/uploads\/2023\/10\/image-mystery-shopping-768x512.jpeg 768w, https:\/\/yf-consultants.com\/wp-content\/uploads\/2023\/10\/image-mystery-shopping-624x416.jpeg 624w\" sizes=\"auto, (max-width: 1280px) 100vw, 1280px\" \/><\/div>\n\t\t<\/figure>\n\t<\/div>\n<\/div><\/div><\/div><\/div><div class=\"vc_row wpb_row vc_row-fluid\"><div class=\"wpb_column vc_column_container vc_col-sm-12\"><div class=\"vc_column-inner\"><div class=\"wpb_wrapper\"><div class=\"vc_empty_space\"   style=\"height: 32px\"><span class=\"vc_empty_space_inner\"><\/span><\/div>\n\t<div class=\"wpb_text_column wpb_content_element\" >\n\t\t<div class=\"wpb_wrapper\">\n\t\t\t<h3 style=\"text-align: center; line-height: 1.5; font-size: 26px;\">Como \u00e9 que os Consultores da YF podem ajudar a sua empresa com as Compras Mist\u00e9rio?<\/h3>\n\n\t\t<\/div>\n\t<\/div>\n<div class=\"vc_empty_space\"   style=\"height: 32px\"><span class=\"vc_empty_space_inner\"><\/span><\/div>\n\t<div class=\"wpb_text_column wpb_content_element\" >\n\t\t<div class=\"wpb_wrapper\">\n\t\t\t<p>Os consultores da YF oferecem ao seu neg\u00f3cio servi\u00e7os de Compra Mist\u00e9rio em diferentes categorias de neg\u00f3cio, o que lhe permite avaliar o servi\u00e7o ao cliente fornecido pela sua marca para compreender os seus pontos fortes e fracos.<\/p>\n\n\t\t<\/div>\n\t<\/div>\n<div class=\"vc_empty_space\"   style=\"height: 32px\"><span class=\"vc_empty_space_inner\"><\/span><\/div>\n\t<div class=\"wpb_text_column wpb_content_element\" >\n\t\t<div class=\"wpb_wrapper\">\n\t\t\t<p>As compras mist\u00e9rio s\u00e3o consideradas um m\u00e9todo inestim\u00e1vel para os neg\u00f3cios. Se os seus produtos s\u00e3o vendidos mal enquanto os concorrentes vendem muito mais, se os consumidores deixam as lojas sem fazer quaisquer compras, ou se duvida da dilig\u00eancia e habilidade dos seus empregados, ent\u00e3o deve definitivamente recorrer \u00e0s compras mist\u00e9rio.<\/p>\n\n\t\t<\/div>\n\t<\/div>\n<\/div><\/div><\/div><\/div><\/section>","protected":false},"excerpt":{"rendered":"What Mystery Shopping Is Mystery shopping is a method employed to gain a deeper insight into the customer experience. It involves conducting on-site research carried out by impartial auditors who assume the role of ordinary customers, often referred to as \"mystery shoppers.\" These individuals visit specific business locations and collect data pertaining to the level [...]","protected":false},"author":1,"featured_media":3346,"parent":2830,"menu_order":0,"comment_status":"closed","ping_status":"closed","template":"","meta":{"footnotes":""},"class_list":["post-3310","page","type-page","status-publish","has-post-thumbnail","hentry"],"_links":{"self":[{"href":"https:\/\/yf-consultants.com\/pt\/wp-json\/wp\/v2\/pages\/3310","targetHints":{"allow":["GET"]}}],"collection":[{"href":"https:\/\/yf-consultants.com\/pt\/wp-json\/wp\/v2\/pages"}],"about":[{"href":"https:\/\/yf-consultants.com\/pt\/wp-json\/wp\/v2\/types\/page"}],"author":[{"embeddable":true,"href":"https:\/\/yf-consultants.com\/pt\/wp-json\/wp\/v2\/users\/1"}],"replies":[{"embeddable":true,"href":"https:\/\/yf-consultants.com\/pt\/wp-json\/wp\/v2\/comments?post=3310"}],"version-history":[{"count":34,"href":"https:\/\/yf-consultants.com\/pt\/wp-json\/wp\/v2\/pages\/3310\/revisions"}],"predecessor-version":[{"id":3350,"href":"https:\/\/yf-consultants.com\/pt\/wp-json\/wp\/v2\/pages\/3310\/revisions\/3350"}],"up":[{"embeddable":true,"href":"https:\/\/yf-consultants.com\/pt\/wp-json\/wp\/v2\/pages\/2830"}],"wp:featuredmedia":[{"embeddable":true,"href":"https:\/\/yf-consultants.com\/pt\/wp-json\/wp\/v2\/media\/3346"}],"wp:attachment":[{"href":"https:\/\/yf-consultants.com\/pt\/wp-json\/wp\/v2\/media?parent=3310"}],"curies":[{"name":"wp","href":"https:\/\/api.w.org\/{rel}","templated":true}]}}