{"id":3470,"date":"2024-10-10T07:32:34","date_gmt":"2024-10-10T07:32:34","guid":{"rendered":"https:\/\/yf-consultants.com\/?page_id=3470"},"modified":"2024-10-10T08:38:59","modified_gmt":"2024-10-10T08:38:59","slug":"asset-inventory-services","status":"publish","type":"page","link":"https:\/\/yf-consultants.com\/pt\/services\/asset-inventory-services\/","title":{"rendered":"Servi\u00e7os de Invent\u00e1rio de Ativos"},"content":{"rendered":"<div data-vc-full-width=\"true\" data-vc-full-width-init=\"false\" class=\"vc_row wpb_row vc_row-fluid vc_row-o-equal-height vc_row-flex\"><div class=\"rw30 wpb_column vc_column_container vc_col-sm-7 vc_col-lg-6 vc_col-md-6 rm-padding-md\"><div class=\"vc_column-inner vc_custom_1548888886227\"><div class=\"wpb_wrapper\"><div id=\"cms-space-69d44e1d8f6c8\">\n\t<style type=\"text\/css\" scoped>\n\t\t@media screen and (min-width: 1200px) {\n\t\t\t#cms-space-69d44e1d8f6c8 .cms-space {\n\t\t\t\theight: 107px;\n\t\t\t}\n\t\t}\n\t\t@media (min-width: 992px) and (max-width: 1200px) {\n\t\t\t#cms-space-69d44e1d8f6c8 .cms-space {\n\t\t\t\theight: 60px;\n\t\t\t}\n\t\t}\n\t\t@media (min-width: 768px) and (max-width: 991px) {\n\t\t\t#cms-space-69d44e1d8f6c8 .cms-space {\n\t\t\t\theight: 60px;\n\t\t\t}\n\t\t}\n\t\t@media screen and (max-width: 767px) {\n\t\t\t#cms-space-69d44e1d8f6c8 .cms-space {\n\t\t\t\theight: 60px;\n\t\t\t}\n\t\t}\n\t<\/style>\n\t<div class=\"cms-space\"><\/div>\n<\/div><div class=\"vc_empty_space\"   style=\"height: 26px\"><span class=\"vc_empty_space_inner\"><\/span><\/div>\n\t<div class=\"wpb_text_column wpb_content_element\" >\n\t\t<div class=\"wpb_wrapper\">\n\t\t\t<p>Na <strong>YF Consultants<\/strong>, oferecemos <strong>Servi\u00e7os de Invent\u00e1rio de Ativos<\/strong> que estabelecem uma base s\u00f3lida para o rastreamento e gerenciamento dos seus ativos, n\u00e3o apenas para fins financeiros, mas tamb\u00e9m para alcan\u00e7ar objetivos operacionais.<\/p>\n<p>A gest\u00e3o eficiente de ativos tang\u00edveis \u00e9 essencial para organiza\u00e7\u00f5es que buscam aprimorar o desempenho e manter a transpar\u00eancia financeira. Ap\u00f3s a implementa\u00e7\u00e3o de um sistema de gest\u00e3o de ativos, o pr\u00f3ximo passo cr\u00edtico \u00e9 obter uma compreens\u00e3o abrangente do que sua organiza\u00e7\u00e3o possui por meio de um processo estruturado de invent\u00e1rio de ativos.<\/p>\n<h3 style=\"font-size: 15px;\">Estabelecer Registros Precisos de Ativos Fixos<\/h3>\n<p>Registrar com precis\u00e3o as transa\u00e7\u00f5es de ativos fixos \u00e9 vital para produzir avalia\u00e7\u00f5es e relat\u00f3rios confi\u00e1veis. Para maximizar seus investimentos, a gest\u00e3o adequada dos ativos fixos \u00e9 essencial. Nossa equipe na YF Consultants utiliza metodologias certificadas pelo Project Management Professional (PMP\u00ae), tecnologias avan\u00e7adas de coleta de dados e rigorosos procedimentos de controle de qualidade para garantir a entrega eficiente de projetos de invent\u00e1rio de ativos dentro de um cronograma definido, minimizando a interrup\u00e7\u00e3o das suas opera\u00e7\u00f5es.<\/p>\n\n\t\t<\/div>\n\t<\/div>\n<div class=\"vc_empty_space\"   style=\"height: 26px\"><span class=\"vc_empty_space_inner\"><\/span><\/div>\n\t<div class=\"wpb_text_column wpb_content_element\" >\n\t\t<div class=\"wpb_wrapper\">\n\t\t\t<h3 style=\"font-size: 22px;\">Nossas Solu\u00e7\u00f5es de Invent\u00e1rio de Ativos<\/h3>\n\n\t\t<\/div>\n\t<\/div>\n<div class=\"vc_empty_space\"   style=\"height: 26px\"><span class=\"vc_empty_space_inner\"><\/span><\/div>\n\t<div class=\"wpb_text_column wpb_content_element\" >\n\t\t<div class=\"wpb_wrapper\">\n\t\t\t<h3 style=\"font-size: 16px;\">1. Gest\u00e3o de Ativos Fixos<\/h3>\n<p>Fornecemos solu\u00e7\u00f5es completas de rastreamento para os ativos fixos da sua empresa, incluindo edif\u00edcios, m\u00e1quinas e equipamentos. Nossos servi\u00e7os garantem o acompanhamento preciso da deprecia\u00e7\u00e3o, cronogramas regulares de manuten\u00e7\u00e3o e otimiza\u00e7\u00e3o do desempenho dos ativos, preservando o valor a longo prazo.<\/p>\n<h3 style=\"font-size: 16px;\">2. Auditoria de Ativos<\/h3>\n<p>Auditorias rotineiras s\u00e3o essenciais para manter a precis\u00e3o dos registros de seus ativos. Nossa equipe experiente realiza auditorias detalhadas para verificar a exist\u00eancia, condi\u00e7\u00e3o e valor dos seus ativos, garantindo conformidade com os padr\u00f5es financeiros e operacionais.<\/p>\n<h3 style=\"font-size: 16px;\">3. Controle e Gest\u00e3o de Invent\u00e1rio<\/h3>\n<p>A gest\u00e3o eficiente de invent\u00e1rio ajuda a manter n\u00edveis de estoque ideais e a reduzir os custos de armazenagem. Nossas solu\u00e7\u00f5es oferecem rastreamento f\u00edsico preciso do invent\u00e1rio para ajudar a controlar os n\u00edveis de estoque, prevenir excesso de produtos e evitar faltas.<\/p>\n<h3 style=\"font-size: 16px;\">4. Gest\u00e3o de Dados e Relat\u00f3rios<\/h3>\n<p>Ajudamos voc\u00ea a organizar e interpretar os dados relacionados aos ativos para uma melhor tomada de decis\u00f5es. Nossos relat\u00f3rios personalizados oferecem insights sobre o desempenho dos ativos, sua utiliza\u00e7\u00e3o e impactos financeiros, permitindo que voc\u00ea melhore a efici\u00eancia operacional geral.<\/p>\n<h3 style=\"font-size: 16px;\">5. Avalia\u00e7\u00e3o de Ativos para Seguros<\/h3>\n<p>Proteja o seu neg\u00f3cio garantindo que seus ativos estejam devidamente segurados. Fornecemos avalia\u00e7\u00f5es detalhadas de ativos com base no valor de mercado, assegurando que voc\u00ea n\u00e3o esteja subsegurado nem supersegurado, proporcionando tranquilidade e prote\u00e7\u00e3o financeira.<\/p>\n\n\t\t<\/div>\n\t<\/div>\n<div id=\"cms-space-69d44e1d8fd1f\">\n\t<style type=\"text\/css\" scoped>\n\t\t@media screen and (min-width: 1200px) {\n\t\t\t#cms-space-69d44e1d8fd1f .cms-space {\n\t\t\t\theight: 105px;\n\t\t\t}\n\t\t}\n\t\t@media (min-width: 992px) and (max-width: 1200px) {\n\t\t\t#cms-space-69d44e1d8fd1f .cms-space {\n\t\t\t\theight: 60px;\n\t\t\t}\n\t\t}\n\t\t@media (min-width: 768px) and (max-width: 991px) {\n\t\t\t#cms-space-69d44e1d8fd1f .cms-space {\n\t\t\t\theight: 60px;\n\t\t\t}\n\t\t}\n\t\t@media screen and (max-width: 767px) {\n\t\t\t#cms-space-69d44e1d8fd1f .cms-space {\n\t\t\t\theight: 60px;\n\t\t\t}\n\t\t}\n\t<\/style>\n\t<div class=\"cms-space\"><\/div>\n<\/div><\/div><\/div><\/div><div class=\"wpb_column vc_column_container vc_col-sm-5 vc_col-lg-6 vc_col-md-6 vc_col-has-fill\"><div class=\"vc_column-inner vc_custom_1548888264406\"><div class=\"wpb_wrapper\"><div id=\"cms-space-69d44e1d9004a\">\n\t<style type=\"text\/css\" scoped>\n\t\t@media screen and (min-width: 1200px) {\n\t\t\t#cms-space-69d44e1d9004a .cms-space {\n\t\t\t\theight: 107px;\n\t\t\t}\n\t\t}\n\t\t@media (min-width: 992px) and (max-width: 1200px) {\n\t\t\t#cms-space-69d44e1d9004a .cms-space {\n\t\t\t\theight: 60px;\n\t\t\t}\n\t\t}\n\t\t@media (min-width: 768px) and (max-width: 991px) {\n\t\t\t#cms-space-69d44e1d9004a .cms-space {\n\t\t\t\theight: 60px;\n\t\t\t}\n\t\t}\n\t\t@media screen and (max-width: 767px) {\n\t\t\t#cms-space-69d44e1d9004a .cms-space {\n\t\t\t\theight: 60px;\n\t\t\t}\n\t\t}\n\t<\/style>\n\t<div class=\"cms-space\"><\/div>\n<\/div>\n\t<div  class=\"wpb_single_image wpb_content_element vc_align_left\">\n\t\t\n\t\t<figure class=\"wpb_wrapper vc_figure\">\n\t\t\t<div class=\"vc_single_image-wrapper   vc_box_border_grey\"><img loading=\"lazy\" decoding=\"async\" width=\"1600\" height=\"800\" src=\"https:\/\/yf-consultants.com\/wp-content\/uploads\/2024\/10\/Asset-Inventory-Services-slider.jpg\" class=\"vc_single_image-img attachment-full\" alt=\"\" srcset=\"https:\/\/yf-consultants.com\/wp-content\/uploads\/2024\/10\/Asset-Inventory-Services-slider.jpg 1600w, https:\/\/yf-consultants.com\/wp-content\/uploads\/2024\/10\/Asset-Inventory-Services-slider-300x150.jpg 300w, https:\/\/yf-consultants.com\/wp-content\/uploads\/2024\/10\/Asset-Inventory-Services-slider-1024x512.jpg 1024w, https:\/\/yf-consultants.com\/wp-content\/uploads\/2024\/10\/Asset-Inventory-Services-slider-768x384.jpg 768w, https:\/\/yf-consultants.com\/wp-content\/uploads\/2024\/10\/Asset-Inventory-Services-slider-1536x768.jpg 1536w, https:\/\/yf-consultants.com\/wp-content\/uploads\/2024\/10\/Asset-Inventory-Services-slider-18x9.jpg 18w, https:\/\/yf-consultants.com\/wp-content\/uploads\/2024\/10\/Asset-Inventory-Services-slider-800x400.jpg 800w, https:\/\/yf-consultants.com\/wp-content\/uploads\/2024\/10\/Asset-Inventory-Services-slider-624x312.jpg 624w\" sizes=\"auto, (max-width: 1600px) 100vw, 1600px\" \/><\/div>\n\t\t<\/figure>\n\t<\/div>\n<div class=\"vc_empty_space\"   style=\"height: 26px\"><span class=\"vc_empty_space_inner\"><\/span><\/div>\n\t<div class=\"wpb_text_column wpb_content_element\" >\n\t\t<div class=\"wpb_wrapper\">\n\t\t\t<h3 style=\"font-size: 22px;\">Por Que Voc\u00ea Precisa de um Invent\u00e1rio de Ativos?<\/h3>\n\n\t\t<\/div>\n\t<\/div>\n<div class=\"vc_empty_space\"   style=\"height: 26px\"><span class=\"vc_empty_space_inner\"><\/span><\/div>\n\t<div class=\"wpb_text_column wpb_content_element\" >\n\t\t<div class=\"wpb_wrapper\">\n\t\t\t<p><strong>Rastrear e Monitorar<\/strong> seus ativos em v\u00e1rias localidades, avaliando sua condi\u00e7\u00e3o e desempenho.<\/p>\n<p><strong>Classificar Ativos<\/strong> de acordo com suas caracter\u00edsticas e vida \u00fatil para simplificar a gest\u00e3o e os relat\u00f3rios.<\/p>\n<p><strong>Gerar Relat\u00f3rios Detalhados<\/strong> para todos os ativos, promovendo a transpar\u00eancia e uma melhor tomada de decis\u00f5es.<\/p>\n<p><strong>Melhorar a Efici\u00eancia Operacional<\/strong> por meio da utiliza\u00e7\u00e3o e aloca\u00e7\u00e3o eficaz de ativos fixos, aumentando a produtividade e a qualidade.<\/p>\n<p><strong>Reduzir Custos de Manuten\u00e7\u00e3o<\/strong> agendando medidas preventivas e evitando falhas inesperadas.<\/p>\n\n\t\t<\/div>\n\t<\/div>\n<div class=\"vc_empty_space\"   style=\"height: 26px\"><span class=\"vc_empty_space_inner\"><\/span><\/div>\n\t<div class=\"wpb_text_column wpb_content_element\" >\n\t\t<div class=\"wpb_wrapper\">\n\t\t\t<h3 style=\"font-size: 22px;\">Por Que Escolher a N\u00f3s?<\/h3>\n\n\t\t<\/div>\n\t<\/div>\n<div class=\"vc_empty_space\"   style=\"height: 26px\"><span class=\"vc_empty_space_inner\"><\/span><\/div>\n\t<div class=\"wpb_text_column wpb_content_element\" >\n\t\t<div class=\"wpb_wrapper\">\n\t\t\t<ul>\n<li>Na <strong>YF Consultants<\/strong>garantimos que todos os ativos fixos sejam registrados com precis\u00e3o, com suas localiza\u00e7\u00f5es, manuten\u00e7\u00f5es e consumo acompanhados de forma eficiente.<\/li>\n<li>Nossa equipe assegura que todos os ativos fixos sejam devidamente contabilizados em seu sistema cont\u00e1bil, minimizando erros.<\/li>\n<li>Seguimos pol\u00edticas e procedimentos rigorosos para prevenir a m\u00e1 gest\u00e3o de ativos ou fraudes.<\/li>\n<li>Preparamos planos e relat\u00f3rios detalhados para ativos que n\u00e3o s\u00e3o mais \u00fateis, ajudando voc\u00ea a eliminar custos desnecess\u00e1rios e evitar perdas financeiras.<\/li>\n<\/ul>\n\n\t\t<\/div>\n\t<\/div>\n<\/div><\/div><\/div><\/div><div class=\"vc_row-full-width vc_clearfix\"><\/div><div data-vc-full-width=\"true\" data-vc-full-width-init=\"false\" data-vc-parallax=\"1.5\" data-vc-parallax-image=\"https:\/\/yf-consultants.com\/wp-content\/uploads\/2017\/09\/fin-bg-parallax2.jpg\" class=\"vc_row wpb_row vc_row-fluid vc_custom_1548880673272 vc_row-has-fill vc_general vc_parallax vc_parallax-content-moving row-overlay\"><div class=\"wpb_column vc_column_container vc_col-sm-12\"><div class=\"vc_column-inner vc_custom_1504020647062\"><div class=\"wpb_wrapper\"><div class=\"vc_empty_space\"   style=\"height: 100px\"><span class=\"vc_empty_space_inner\"><\/span><\/div><div class=\"vc_row wpb_row vc_inner vc_row-fluid row-box vc_row-o-equal-height vc_row-flex\"><div class=\"wpb_column vc_column_container vc_col-sm-12 vc_col-lg-6 vc_col-md-6\"><div class=\"vc_column-inner vc_custom_1504014578408\"><div class=\"wpb_wrapper\"><div id=\"cms-heading\" class=\"cms-heading-wrapper  title-line-layout1 subtitle-no-box show-title-line cms-heading-layout1\">\n    \n        <div class=\"cms-heading-inner clearfix\">\n                                <div class=\"cms-heading-content text-left\">\n                                            <div class=\"cms-heading-subtitle text-capitalize\" style=\"font-size:;color:#a5a5a5;\">Tem uma pergunta?!!<\/div>\n                                        <div class=\"cms-heading-title-wrap\">\n                        <h3 class=\"cms-heading-title text-capitalize\" style=\"; max-width: ;font-size:;color:#fac019;line-height:;margin:;letter-spacing:;font-weight:;\">\n                            Fa\u00e7a uma marca\u00e7\u00e3o                                                    <\/h3>\n                    <\/div>\n                                                                    <div class=\"cms-heading-line size-small\">\n                            <div class=\"line1\" style=\"border-color:;\"><\/div>\n                            <div class=\"line2\" style=\"border-color:;\"><\/div>\n                        <\/div>\n                                                                                                <\/div>\n                <\/div>\n<\/div><div class=\"vc_empty_space\"   style=\"height: 25px\"><span class=\"vc_empty_space_inner\"><\/span><\/div>\n<div class=\"wpcf7 no-js\" id=\"wpcf7-f2998-o1\" lang=\"en-US\" dir=\"ltr\" data-wpcf7-id=\"2998\">\n<div class=\"screen-reader-response\"><p role=\"status\" aria-live=\"polite\" aria-atomic=\"true\"><\/p> <ul><\/ul><\/div>\n<form action=\"\/pt\/wp-json\/wp\/v2\/pages\/3470#wpcf7-f2998-o1\" method=\"post\" class=\"wpcf7-form init\" aria-label=\"Contact form\" novalidate=\"novalidate\" data-status=\"init\" data-trp-original-action=\"\/pt\/wp-json\/wp\/v2\/pages\/3470#wpcf7-f2998-o1\">\n<fieldset class=\"hidden-fields-container\"><input type=\"hidden\" name=\"_wpcf7\" value=\"2998\" \/><input type=\"hidden\" name=\"_wpcf7_version\" value=\"6.1.4\" \/><input type=\"hidden\" name=\"_wpcf7_locale\" value=\"en_US\" \/><input type=\"hidden\" name=\"_wpcf7_unit_tag\" value=\"wpcf7-f2998-o1\" \/><input type=\"hidden\" name=\"_wpcf7_container_post\" value=\"0\" \/><input type=\"hidden\" name=\"_wpcf7_posted_data_hash\" value=\"\" \/>\n<\/fieldset>\n<div class=\"row\">\n\t<div class=\"col-xs-12 col-sm-12 col-md-6 col-lg-6\">\n\t\t<div class=\"input-filled\">\n\t\t\t<p><span class=\"wpcf7-form-control-wrap\" data-name=\"your-name\"><input size=\"40\" maxlength=\"400\" class=\"wpcf7-form-control wpcf7-text wpcf7-validates-as-required\" aria-required=\"true\" aria-invalid=\"false\" placeholder=\"Nome:\" value=\"\" type=\"text\" name=\"your-name\" \/><\/span>\n\t\t\t<\/p>\n\t\t<\/div>\n\t<\/div>\n\t<div class=\"col-xs-12 col-sm-12 col-md-6 col-lg-6\">\n\t\t<div class=\"input-filled\">\n\t\t\t<p><span class=\"wpcf7-form-control-wrap\" data-name=\"your-email\"><input size=\"40\" maxlength=\"400\" class=\"wpcf7-form-control wpcf7-email wpcf7-validates-as-required wpcf7-text wpcf7-validates-as-email\" aria-required=\"true\" aria-invalid=\"false\" placeholder=\"Email:\" value=\"\" type=\"email\" name=\"your-email\" \/><\/span>\n\t\t\t<\/p>\n\t\t<\/div>\n\t<\/div>\n<\/div>\n<div class=\"row\">\n\t<div class=\"col-xs-12 col-sm-12 col-md-12 col-lg-12\">\n\t\t<div class=\"input-filled\">\n\t\t\t<p><span class=\"wpcf7-form-control-wrap\" data-name=\"your-message\"><textarea cols=\"40\" rows=\"10\" maxlength=\"2000\" class=\"wpcf7-form-control wpcf7-textarea wpcf7-validates-as-required\" aria-required=\"true\" aria-invalid=\"false\" placeholder=\"Detalhes do pedido:\" name=\"your-message\"><\/textarea><\/span>\n\t\t\t<\/p>\n\t\t<\/div>\n\t<\/div>\n<\/div>\n<div class=\"row\">\n\t<div class=\"col-xs-12 col-sm-12 col-md-12 col-lg-12 rm-margin\">\n\t\t<p><input class=\"wpcf7-form-control wpcf7-submit has-spinner btn btn-primary btn-square btn-block\" type=\"submit\" value=\"Submeter o pedido\" \/>\n\t\t<\/p>\n\t<\/div>\n<\/div><div class=\"wpcf7-response-output\" aria-hidden=\"true\"><\/div>\n<input type=\"hidden\" name=\"trp-form-language\" value=\"pt\"\/><\/form>\n<\/div>\n<\/div><\/div><\/div><div class=\"wpb_column vc_column_container vc_col-sm-12 vc_col-lg-6 vc_col-md-6 vc_col-has-fill\"><div class=\"vc_column-inner vc_custom_1506743711594\"><div class=\"wpb_wrapper\"><div class=\"vc_empty_space\"   style=\"height: 320px\"><span class=\"vc_empty_space_inner\"><\/span><\/div><\/div><\/div><\/div><\/div><div class=\"vc_empty_space\"   style=\"height: 100px\"><span class=\"vc_empty_space_inner\"><\/span><\/div><\/div><\/div><\/div><\/div><div class=\"vc_row-full-width vc_clearfix\"><\/div>","protected":false},"excerpt":{"rendered":"At YF Consultants, we offer expert Asset Inventory Services that establish a solid foundation for tracking and managing your assets, not only for financial purposes but also to achieve operational objectives. Efficient management of tangible assets is essential for organizations looking to enhance performance and maintain financial transparency. After implementing an asset management system, the [...]","protected":false},"author":1,"featured_media":0,"parent":2830,"menu_order":0,"comment_status":"closed","ping_status":"closed","template":"","meta":{"footnotes":""},"class_list":["post-3470","page","type-page","status-publish","hentry"],"_links":{"self":[{"href":"https:\/\/yf-consultants.com\/pt\/wp-json\/wp\/v2\/pages\/3470","targetHints":{"allow":["GET"]}}],"collection":[{"href":"https:\/\/yf-consultants.com\/pt\/wp-json\/wp\/v2\/pages"}],"about":[{"href":"https:\/\/yf-consultants.com\/pt\/wp-json\/wp\/v2\/types\/page"}],"author":[{"embeddable":true,"href":"https:\/\/yf-consultants.com\/pt\/wp-json\/wp\/v2\/users\/1"}],"replies":[{"embeddable":true,"href":"https:\/\/yf-consultants.com\/pt\/wp-json\/wp\/v2\/comments?post=3470"}],"version-history":[{"count":18,"href":"https:\/\/yf-consultants.com\/pt\/wp-json\/wp\/v2\/pages\/3470\/revisions"}],"predecessor-version":[{"id":3490,"href":"https:\/\/yf-consultants.com\/pt\/wp-json\/wp\/v2\/pages\/3470\/revisions\/3490"}],"up":[{"embeddable":true,"href":"https:\/\/yf-consultants.com\/pt\/wp-json\/wp\/v2\/pages\/2830"}],"wp:attachment":[{"href":"https:\/\/yf-consultants.com\/pt\/wp-json\/wp\/v2\/media?parent=3470"}],"curies":[{"name":"wp","href":"https:\/\/api.w.org\/{rel}","templated":true}]}}